{"id":1376,"date":"2024-10-15T13:38:16","date_gmt":"2024-10-15T13:38:16","guid":{"rendered":"https:\/\/samsa.ai\/impressum\/"},"modified":"2024-12-17T16:53:08","modified_gmt":"2024-12-17T16:53:08","slug":"impressum","status":"publish","type":"page","link":"https:\/\/samsa.ai\/de\/impressum\/","title":{"rendered":"Impressum"},"content":{"rendered":"\t\t<div data-elementor-type=\"wp-page\" data-elementor-id=\"1376\" class=\"elementor elementor-1376 elementor-645\" data-elementor-settings=\"{&quot;element_pack_global_tooltip_width&quot;:{&quot;unit&quot;:&quot;px&quot;,&quot;size&quot;:&quot;&quot;,&quot;sizes&quot;:[]},&quot;element_pack_global_tooltip_width_tablet&quot;:{&quot;unit&quot;:&quot;px&quot;,&quot;size&quot;:&quot;&quot;,&quot;sizes&quot;:[]},&quot;element_pack_global_tooltip_width_mobile&quot;:{&quot;unit&quot;:&quot;px&quot;,&quot;size&quot;:&quot;&quot;,&quot;sizes&quot;:[]},&quot;element_pack_global_tooltip_padding&quot;:{&quot;unit&quot;:&quot;px&quot;,&quot;top&quot;:&quot;&quot;,&quot;right&quot;:&quot;&quot;,&quot;bottom&quot;:&quot;&quot;,&quot;left&quot;:&quot;&quot;,&quot;isLinked&quot;:true},&quot;element_pack_global_tooltip_padding_tablet&quot;:{&quot;unit&quot;:&quot;px&quot;,&quot;top&quot;:&quot;&quot;,&quot;right&quot;:&quot;&quot;,&quot;bottom&quot;:&quot;&quot;,&quot;left&quot;:&quot;&quot;,&quot;isLinked&quot;:true},&quot;element_pack_global_tooltip_padding_mobile&quot;:{&quot;unit&quot;:&quot;px&quot;,&quot;top&quot;:&quot;&quot;,&quot;right&quot;:&quot;&quot;,&quot;bottom&quot;:&quot;&quot;,&quot;left&quot;:&quot;&quot;,&quot;isLinked&quot;:true},&quot;element_pack_global_tooltip_border_radius&quot;:{&quot;unit&quot;:&quot;px&quot;,&quot;top&quot;:&quot;&quot;,&quot;right&quot;:&quot;&quot;,&quot;bottom&quot;:&quot;&quot;,&quot;left&quot;:&quot;&quot;,&quot;isLinked&quot;:true},&quot;element_pack_global_tooltip_border_radius_tablet&quot;:{&quot;unit&quot;:&quot;px&quot;,&quot;top&quot;:&quot;&quot;,&quot;right&quot;:&quot;&quot;,&quot;bottom&quot;:&quot;&quot;,&quot;left&quot;:&quot;&quot;,&quot;isLinked&quot;:true},&quot;element_pack_global_tooltip_border_radius_mobile&quot;:{&quot;unit&quot;:&quot;px&quot;,&quot;top&quot;:&quot;&quot;,&quot;right&quot;:&quot;&quot;,&quot;bottom&quot;:&quot;&quot;,&quot;left&quot;:&quot;&quot;,&quot;isLinked&quot;:true}}\">\n\t\t\t\t\t\t<div class=\"elementor-section elementor-top-section elementor-element elementor-element-e35798c elementor-section-boxed elementor-section-height-default elementor-section-height-default\" data-id=\"e35798c\" data-element_type=\"section\" data-settings=\"{&quot;background_background&quot;:&quot;classic&quot;}\">\n\t\t\t\t\t\t<div class=\"elementor-container elementor-column-gap-default\">\n\t\t\t\t\t<div class=\"elementor-column elementor-col-50 elementor-top-column elementor-element elementor-element-fcfb7fb\" data-id=\"fcfb7fb\" data-element_type=\"column\">\n\t\t\t<div class=\"elementor-widget-wrap elementor-element-populated\">\n\t\t\t\t\t\t<div class=\"elementor-element elementor-element-261fac0 ui-e-a-animate elementor-widget elementor-widget-highlighted-text\" data-id=\"261fac0\" data-element_type=\"widget\" data-widget_type=\"highlighted-text.default\">\n\t\t\t\t<div class=\"elementor-widget-container\">\n\t\t\t\t\t        <h1 class=\"ui-e--highlighted-text\">\n            <span class=\"ui-e-headline-text elementor-repeater-item-f8eda84\">Impressum<\/span>        <\/h1>\n    \t\t\t\t<\/div>\n\t\t\t\t<\/div>\n\t\t\t\t\t<\/div>\n\t\t<\/div>\n\t\t\t\t<div class=\"elementor-column elementor-col-50 elementor-top-column elementor-element elementor-element-2d1f03e\" data-id=\"2d1f03e\" data-element_type=\"column\" data-settings=\"{&quot;background_background&quot;:&quot;classic&quot;}\">\n\t\t\t<div class=\"elementor-widget-wrap elementor-element-populated\">\n\t\t\t\t\t\t<div class=\"elementor-element elementor-element-abf205a elementor-widget__width-initial elementor-widget-tablet__width-initial elementor-widget-mobile__width-inherit elementor-widget elementor-widget-text-editor\" data-id=\"abf205a\" data-element_type=\"widget\" data-widget_type=\"text-editor.default\">\n\t\t\t\t<div class=\"elementor-widget-container\">\n\t\t\t\t\t\t\t\t\t<div class=\"elementor-element elementor-element-3ec180a elementor-widget elementor-widget-text-editor\" data-id=\"3ec180a\" data-element_type=\"widget\" data-widget_type=\"text-editor.default\">\n<div class=\"elementor-widget-container\">\n<p><strong>Anschrift:<br><\/strong>Videodesign.ch GmbH<br>Pilatusstrasse 18<br>6003 Luzern<br>Schweiz<\/p>\n<p>Telefon:&nbsp;<a href=\"tel:+41445558690\">+41 (0)44 555 86 90<\/a><br>E-Mail:&nbsp;<a href=\"mailto:hi@samsa.ai\">hi@samsa.ai<\/a><br>Web:&nbsp;<a href=\"https:\/\/samsa.ai\/de\/\">www.samsa.ai<\/a><\/p>\n<\/div>\n<\/div>\n<div class=\"elementor-element elementor-element-40ada60 elementor-widget elementor-widget-text-editor\" data-id=\"40ada60\" data-element_type=\"widget\" data-widget_type=\"text-editor.default\">\n<div class=\"elementor-widget-container\">\n<p><strong>Vertretungsberechtigte Personen:<\/strong><br>Niklas Jung &#8211; CEO<\/p>\n<\/div>\n<\/div>\n<div class=\"elementor-element elementor-element-182c95b elementor-widget elementor-widget-text-editor\" data-id=\"182c95b\" data-element_type=\"widget\" data-widget_type=\"text-editor.default\">\n<div class=\"elementor-widget-container\">\n<p><strong>Handelsregisternummer:<\/strong><br>CH-100.4.795.132-5<\/p>\n<p><strong>Schweizer Mehrwertsteuer-Nr.:<\/strong><br>CHE-289.241.167 MWST<\/p>\n<\/div>\n<\/div>\n<div class=\"elementor-element elementor-element-f83e5fe vd-legal-doc-content elementor-widget elementor-widget-text-editor\" data-id=\"f83e5fe\" data-element_type=\"widget\" data-widget_type=\"text-editor.default\">\n<div class=\"elementor-widget-container\">\n<p><b>Haftungsausschluss<\/b><br>Videodesign.ch GmbH, als Autor dieser Website, \u00fcbernimmt keinerlei Gew\u00e4hr f\u00fcr die Richtigkeit, Genauigkeit, Aktualit\u00e4t, Zuverl\u00e4ssigkeit und Vollst\u00e4ndigkeit der Informationen. Haftungsanspr\u00fcche, die sich auf Sch\u00e4den materieller oder ideeller Art beziehen, welche durch die Nutzung oder Nichtnutzung der dargebotenen Informationen bzw. durch die Nutzung fehlerhafter und unvollst\u00e4ndiger Informationen verursacht wurden, sind grunds\u00e4tzlich ausgeschlossen. Alle Angebote sind freibleibend. Der Autor beh\u00e4lt es sich ausdr\u00fccklich vor, Teile der Seiten oder das gesamte Angebot ohne gesonderte Ank\u00fcndigung zu ver\u00e4ndern, zu erg\u00e4nzen, zu l\u00f6schen oder die Ver\u00f6ffentlichung zeitweise oder endg\u00fcltig einzustellen.<\/p>\n<p><b>Haftung f\u00fcr Links<\/b><br>Verweise und Links auf Webseiten Dritter liegen ausserhalb unseres Verantwortungsbereiches. Jegliche Form der Verantwortung f\u00fcr solche Websites ist ausgeschlossen. Der Zugang zu und die Nutzung von solchen Websites erfolgt auf eigene Gefahr des Nutzers.<\/p>\n<p><b>Urheberrecht<\/b><br>Das Urheberrecht und alle anderen Rechte in Bezug auf Inhalte, Bilder, Fotos oder andere Elemente auf der Website sind ausschliessliches Eigentum von Videodesign.ch GmbH oder speziell benannten Rechtsinhabern. Die Reproduktion jeglicher Elemente bedarf der vorherigen schriftlichen Genehmigung der Urheberrechtsinhaber.<\/p>\n<p><b>Datenschutzerkl\u00e4rung<\/b><br>Datenschutz ist uns sehr wichtig. Ihre Daten werden gem\u00e4ss unserer Datenschutzrichtlinie behandelt: <a href=\"https:\/\/samsa.ai\/de\/datenschutz\/\" target=\"_blank\" rel=\"noopener\">https:\/\/samsa.ai\/de\/datenschutz\/<\/a><\/p>\n<\/div>\n<\/div>\t\t\t\t\t\t\t\t<\/div>\n\t\t\t\t<\/div>\n\t\t\t\t\t<\/div>\n\t\t<\/div>\n\t\t\t\t\t<\/div>\n\t\t<\/div>\n\t\t\t\t<\/div>\n\t\t","protected":false},"excerpt":{"rendered":"<p>Impressum Anschrift:Videodesign.ch GmbHPilatusstrasse 186003 LuzernSchweiz Telefon:&nbsp;+41 (0)44 555 86 90E-Mail:&nbsp;hi@samsa.aiWeb:&nbsp;www.samsa.ai Vertretungsberechtigte Personen:Niklas Jung &#8211; CEO Handelsregisternummer:CH-100.4.795.132-5 Schweizer Mehrwertsteuer-Nr.:CHE-289.241.167 MWST HaftungsausschlussVideodesign.ch GmbH, als [&hellip;]<\/p>\n","protected":false},"author":1,"featured_media":0,"parent":0,"menu_order":0,"comment_status":"closed","ping_status":"closed","template":"","meta":{"footnotes":""},"class_list":["post-1376","page","type-page","status-publish","hentry"],"yoast_head":"<!-- This site is optimized with the Yoast SEO plugin v26.6 - https:\/\/yoast.com\/wordpress\/plugins\/seo\/ -->\n<title>Impressum &#8211; Samsa<\/title>\n<meta name=\"robots\" content=\"noindex, follow\" \/>\n<meta property=\"og:locale\" content=\"de_DE\" \/>\n<meta property=\"og:type\" content=\"article\" \/>\n<meta property=\"og:title\" content=\"Impressum &#8211; Samsa\" \/>\n<meta property=\"og:description\" content=\"Impressum Anschrift:Videodesign.ch GmbHPilatusstrasse 186003 LuzernSchweiz Telefon:&nbsp;+41 (0)44 555 86 90E-Mail:&nbsp;hi@samsa.aiWeb:&nbsp;www.samsa.ai Vertretungsberechtigte Personen:Niklas Jung &#8211; CEO Handelsregisternummer:CH-100.4.795.132-5 Schweizer Mehrwertsteuer-Nr.:CHE-289.241.167 MWST HaftungsausschlussVideodesign.ch GmbH, als [&hellip;]\" \/>\n<meta property=\"og:url\" content=\"https:\/\/samsa.ai\/de\/impressum\/\" \/>\n<meta property=\"og:site_name\" content=\"Samsa\" \/>\n<meta property=\"article:modified_time\" content=\"2024-12-17T16:53:08+00:00\" \/>\n<meta name=\"twitter:card\" content=\"summary_large_image\" \/>\n<meta name=\"twitter:site\" content=\"@SamsaAI\" \/>\n<meta name=\"twitter:label1\" content=\"Gesch\u00e4tzte Lesezeit\" \/>\n\t<meta name=\"twitter:data1\" content=\"3\u00a0Minuten\" \/>\n<script type=\"application\/ld+json\" class=\"yoast-schema-graph\">{\"@context\":\"https:\/\/schema.org\",\"@graph\":[{\"@type\":\"WebPage\",\"@id\":\"https:\/\/samsa.ai\/de\/impressum\/\",\"url\":\"https:\/\/samsa.ai\/de\/impressum\/\",\"name\":\"Impressum &#8211; Samsa\",\"isPartOf\":{\"@id\":\"https:\/\/samsa.ai\/de\/#website\"},\"datePublished\":\"2024-10-15T13:38:16+00:00\",\"dateModified\":\"2024-12-17T16:53:08+00:00\",\"breadcrumb\":{\"@id\":\"https:\/\/samsa.ai\/de\/impressum\/#breadcrumb\"},\"inLanguage\":\"de\",\"potentialAction\":[{\"@type\":\"ReadAction\",\"target\":[\"https:\/\/samsa.ai\/de\/impressum\/\"]}]},{\"@type\":\"BreadcrumbList\",\"@id\":\"https:\/\/samsa.ai\/de\/impressum\/#breadcrumb\",\"itemListElement\":[{\"@type\":\"ListItem\",\"position\":1,\"name\":\"Home\",\"item\":\"https:\/\/samsa.ai\/de\/\"},{\"@type\":\"ListItem\",\"position\":2,\"name\":\"Impressum\"}]},{\"@type\":\"WebSite\",\"@id\":\"https:\/\/samsa.ai\/de\/#website\",\"url\":\"https:\/\/samsa.ai\/de\/\",\"name\":\"Samsa\",\"description\":\"Your Brand. Your AI.\",\"publisher\":{\"@id\":\"https:\/\/samsa.ai\/de\/#organization\"},\"potentialAction\":[{\"@type\":\"SearchAction\",\"target\":{\"@type\":\"EntryPoint\",\"urlTemplate\":\"https:\/\/samsa.ai\/de\/?s={search_term_string}\"},\"query-input\":{\"@type\":\"PropertyValueSpecification\",\"valueRequired\":true,\"valueName\":\"search_term_string\"}}],\"inLanguage\":\"de\"},{\"@type\":\"Organization\",\"@id\":\"https:\/\/samsa.ai\/de\/#organization\",\"name\":\"Samsa.AI\",\"url\":\"https:\/\/samsa.ai\/de\/\",\"logo\":{\"@type\":\"ImageObject\",\"inLanguage\":\"de\",\"@id\":\"https:\/\/samsa.ai\/de\/#\/schema\/logo\/image\/\",\"url\":\"https:\/\/samsa.ai\/wp-content\/uploads\/2024\/08\/favicon.png\",\"contentUrl\":\"https:\/\/samsa.ai\/wp-content\/uploads\/2024\/08\/favicon.png\",\"width\":192,\"height\":192,\"caption\":\"Samsa.AI\"},\"image\":{\"@id\":\"https:\/\/samsa.ai\/de\/#\/schema\/logo\/image\/\"},\"sameAs\":[\"https:\/\/x.com\/SamsaAI\",\"https:\/\/www.linkedin.com\/company\/samsa-ai\/\"]}]}<\/script>\n<!-- \/ Yoast SEO plugin. -->","yoast_head_json":{"title":"Impressum &#8211; Samsa","robots":{"index":"noindex","follow":"follow"},"og_locale":"de_DE","og_type":"article","og_title":"Impressum &#8211; Samsa","og_description":"Impressum Anschrift:Videodesign.ch GmbHPilatusstrasse 186003 LuzernSchweiz Telefon:&nbsp;+41 (0)44 555 86 90E-Mail:&nbsp;hi@samsa.aiWeb:&nbsp;www.samsa.ai Vertretungsberechtigte Personen:Niklas Jung &#8211; CEO Handelsregisternummer:CH-100.4.795.132-5 Schweizer Mehrwertsteuer-Nr.:CHE-289.241.167 MWST HaftungsausschlussVideodesign.ch GmbH, als [&hellip;]","og_url":"https:\/\/samsa.ai\/de\/impressum\/","og_site_name":"Samsa","article_modified_time":"2024-12-17T16:53:08+00:00","twitter_card":"summary_large_image","twitter_site":"@SamsaAI","twitter_misc":{"Gesch\u00e4tzte Lesezeit":"3\u00a0Minuten"},"schema":{"@context":"https:\/\/schema.org","@graph":[{"@type":"WebPage","@id":"https:\/\/samsa.ai\/de\/impressum\/","url":"https:\/\/samsa.ai\/de\/impressum\/","name":"Impressum &#8211; Samsa","isPartOf":{"@id":"https:\/\/samsa.ai\/de\/#website"},"datePublished":"2024-10-15T13:38:16+00:00","dateModified":"2024-12-17T16:53:08+00:00","breadcrumb":{"@id":"https:\/\/samsa.ai\/de\/impressum\/#breadcrumb"},"inLanguage":"de","potentialAction":[{"@type":"ReadAction","target":["https:\/\/samsa.ai\/de\/impressum\/"]}]},{"@type":"BreadcrumbList","@id":"https:\/\/samsa.ai\/de\/impressum\/#breadcrumb","itemListElement":[{"@type":"ListItem","position":1,"name":"Home","item":"https:\/\/samsa.ai\/de\/"},{"@type":"ListItem","position":2,"name":"Impressum"}]},{"@type":"WebSite","@id":"https:\/\/samsa.ai\/de\/#website","url":"https:\/\/samsa.ai\/de\/","name":"Samsa","description":"Your Brand. Your AI.","publisher":{"@id":"https:\/\/samsa.ai\/de\/#organization"},"potentialAction":[{"@type":"SearchAction","target":{"@type":"EntryPoint","urlTemplate":"https:\/\/samsa.ai\/de\/?s={search_term_string}"},"query-input":{"@type":"PropertyValueSpecification","valueRequired":true,"valueName":"search_term_string"}}],"inLanguage":"de"},{"@type":"Organization","@id":"https:\/\/samsa.ai\/de\/#organization","name":"Samsa.AI","url":"https:\/\/samsa.ai\/de\/","logo":{"@type":"ImageObject","inLanguage":"de","@id":"https:\/\/samsa.ai\/de\/#\/schema\/logo\/image\/","url":"https:\/\/samsa.ai\/wp-content\/uploads\/2024\/08\/favicon.png","contentUrl":"https:\/\/samsa.ai\/wp-content\/uploads\/2024\/08\/favicon.png","width":192,"height":192,"caption":"Samsa.AI"},"image":{"@id":"https:\/\/samsa.ai\/de\/#\/schema\/logo\/image\/"},"sameAs":["https:\/\/x.com\/SamsaAI","https:\/\/www.linkedin.com\/company\/samsa-ai\/"]}]}},"_links":{"self":[{"href":"https:\/\/samsa.ai\/de\/wp-json\/wp\/v2\/pages\/1376","targetHints":{"allow":["GET"]}}],"collection":[{"href":"https:\/\/samsa.ai\/de\/wp-json\/wp\/v2\/pages"}],"about":[{"href":"https:\/\/samsa.ai\/de\/wp-json\/wp\/v2\/types\/page"}],"author":[{"embeddable":true,"href":"https:\/\/samsa.ai\/de\/wp-json\/wp\/v2\/users\/1"}],"replies":[{"embeddable":true,"href":"https:\/\/samsa.ai\/de\/wp-json\/wp\/v2\/comments?post=1376"}],"version-history":[{"count":16,"href":"https:\/\/samsa.ai\/de\/wp-json\/wp\/v2\/pages\/1376\/revisions"}],"predecessor-version":[{"id":4581,"href":"https:\/\/samsa.ai\/de\/wp-json\/wp\/v2\/pages\/1376\/revisions\/4581"}],"wp:attachment":[{"href":"https:\/\/samsa.ai\/de\/wp-json\/wp\/v2\/media?parent=1376"}],"curies":[{"name":"wp","href":"https:\/\/api.w.org\/{rel}","templated":true}]}}