{"id":6891,"date":"2025-02-07T20:10:55","date_gmt":"2025-02-07T20:10:55","guid":{"rendered":"https:\/\/samsa.ai\/status\/"},"modified":"2026-01-02T12:37:09","modified_gmt":"2026-01-02T12:37:09","slug":"status","status":"publish","type":"page","link":"https:\/\/samsa.ai\/de\/status\/","title":{"rendered":"System Status"},"content":{"rendered":"\t\t<div data-elementor-type=\"wp-page\" data-elementor-id=\"6891\" class=\"elementor elementor-6891 elementor-6882\" data-elementor-settings=\"{&quot;element_pack_global_tooltip_width&quot;:{&quot;unit&quot;:&quot;px&quot;,&quot;size&quot;:&quot;&quot;,&quot;sizes&quot;:[]},&quot;element_pack_global_tooltip_width_tablet&quot;:{&quot;unit&quot;:&quot;px&quot;,&quot;size&quot;:&quot;&quot;,&quot;sizes&quot;:[]},&quot;element_pack_global_tooltip_width_mobile&quot;:{&quot;unit&quot;:&quot;px&quot;,&quot;size&quot;:&quot;&quot;,&quot;sizes&quot;:[]},&quot;element_pack_global_tooltip_padding&quot;:{&quot;unit&quot;:&quot;px&quot;,&quot;top&quot;:&quot;&quot;,&quot;right&quot;:&quot;&quot;,&quot;bottom&quot;:&quot;&quot;,&quot;left&quot;:&quot;&quot;,&quot;isLinked&quot;:true},&quot;element_pack_global_tooltip_padding_tablet&quot;:{&quot;unit&quot;:&quot;px&quot;,&quot;top&quot;:&quot;&quot;,&quot;right&quot;:&quot;&quot;,&quot;bottom&quot;:&quot;&quot;,&quot;left&quot;:&quot;&quot;,&quot;isLinked&quot;:true},&quot;element_pack_global_tooltip_padding_mobile&quot;:{&quot;unit&quot;:&quot;px&quot;,&quot;top&quot;:&quot;&quot;,&quot;right&quot;:&quot;&quot;,&quot;bottom&quot;:&quot;&quot;,&quot;left&quot;:&quot;&quot;,&quot;isLinked&quot;:true},&quot;element_pack_global_tooltip_border_radius&quot;:{&quot;unit&quot;:&quot;px&quot;,&quot;top&quot;:&quot;&quot;,&quot;right&quot;:&quot;&quot;,&quot;bottom&quot;:&quot;&quot;,&quot;left&quot;:&quot;&quot;,&quot;isLinked&quot;:true},&quot;element_pack_global_tooltip_border_radius_tablet&quot;:{&quot;unit&quot;:&quot;px&quot;,&quot;top&quot;:&quot;&quot;,&quot;right&quot;:&quot;&quot;,&quot;bottom&quot;:&quot;&quot;,&quot;left&quot;:&quot;&quot;,&quot;isLinked&quot;:true},&quot;element_pack_global_tooltip_border_radius_mobile&quot;:{&quot;unit&quot;:&quot;px&quot;,&quot;top&quot;:&quot;&quot;,&quot;right&quot;:&quot;&quot;,&quot;bottom&quot;:&quot;&quot;,&quot;left&quot;:&quot;&quot;,&quot;isLinked&quot;:true}}\">\n\t\t\t\t\t\t<div class=\"elementor-section elementor-top-section elementor-element elementor-element-de3ebbf elementor-section-boxed elementor-section-height-default elementor-section-height-default\" data-id=\"de3ebbf\" data-element_type=\"section\" data-settings=\"{&quot;background_background&quot;:&quot;classic&quot;}\">\n\t\t\t\t\t\t<div class=\"elementor-container elementor-column-gap-default\">\n\t\t\t\t\t<div class=\"elementor-column elementor-col-100 elementor-top-column elementor-element elementor-element-816d4f1\" data-id=\"816d4f1\" data-element_type=\"column\">\n\t\t\t<div class=\"elementor-widget-wrap elementor-element-populated\">\n\t\t\t\t\t\t<div class=\"elementor-element elementor-element-12c0529 elementor-widget__width-inherit elementor-widget-tablet__width-initial elementor-widget elementor-widget-heading\" data-id=\"12c0529\" data-element_type=\"widget\" data-widget_type=\"heading.default\">\n\t\t\t\t<div class=\"elementor-widget-container\">\n\t\t\t\t\t<h1 class=\"elementor-heading-title elementor-size-default\">Systemstatus<\/h1>\t\t\t\t<\/div>\n\t\t\t\t<\/div>\n\t\t\t\t<div class=\"elementor-element elementor-element-cec1fab elementor-widget__width-inherit elementor-widget-tablet__width-inherit elementor-widget-mobile__width-inherit elementor-widget elementor-widget-text-editor\" data-id=\"cec1fab\" data-element_type=\"widget\" data-widget_type=\"text-editor.default\">\n\t\t\t\t<div class=\"elementor-widget-container\">\n\t\t\t\t\t\t\t\t\t<p>Echtzeit-\u00dcbersicht zur Verf\u00fcgbarkeit und Performance von Samsa.<\/p>\t\t\t\t\t\t\t\t<\/div>\n\t\t\t\t<\/div>\n\t\t\t\t\t<\/div>\n\t\t<\/div>\n\t\t\t\t\t<\/div>\n\t\t<\/div>\n\t\t\t\t<div class=\"elementor-section elementor-top-section elementor-element elementor-element-b97111a elementor-section-boxed elementor-section-height-default elementor-section-height-default\" data-id=\"b97111a\" data-element_type=\"section\" data-settings=\"{&quot;background_background&quot;:&quot;classic&quot;}\">\n\t\t\t\t\t\t<div class=\"elementor-container elementor-column-gap-default\">\n\t\t\t\t\t<div class=\"elementor-column elementor-col-100 elementor-top-column elementor-element elementor-element-8dace8f\" data-id=\"8dace8f\" data-element_type=\"column\" data-settings=\"{&quot;background_background&quot;:&quot;classic&quot;}\">\n\t\t\t<div class=\"elementor-widget-wrap elementor-element-populated\">\n\t\t\t\t\t\t<div class=\"elementor-element elementor-element-3fe6c74 elementor-widget elementor-widget-html\" data-id=\"3fe6c74\" data-element_type=\"widget\" data-widget_type=\"html.default\">\n\t\t\t\t<div class=\"elementor-widget-container\">\n\t\t\t\t\t<iframe src=\"https:\/\/status.samsa.ai\/de\" width=\"100%\" height=\"900\" scrolling=\"no\" class=\"status-iframe\"><\/iframe>\t\t\t\t<\/div>\n\t\t\t\t<\/div>\n\t\t\t\t\t<\/div>\n\t\t<\/div>\n\t\t\t\t\t<\/div>\n\t\t<\/div>\n\t\t\t\t<\/div>\n\t\t","protected":false},"excerpt":{"rendered":"<p>Systemstatus Echtzeit-\u00dcbersicht zur Verf\u00fcgbarkeit und Performance von Samsa.<\/p>\n","protected":false},"author":1,"featured_media":0,"parent":0,"menu_order":0,"comment_status":"closed","ping_status":"closed","template":"","meta":{"footnotes":""},"class_list":["post-6891","page","type-page","status-publish","hentry"],"yoast_head":"<!-- This site is optimized with the Yoast SEO plugin v26.6 - https:\/\/yoast.com\/wordpress\/plugins\/seo\/ -->\n<title>System Status &#8211; Samsa<\/title>\n<meta name=\"description\" content=\"Live Updates \u00fcber die Verf\u00fcgbarkeit und Zwischenf\u00e4llen von Samsa. Erfahre hier ob alles online oder etwas offline ist.\" \/>\n<meta name=\"robots\" content=\"index, follow, max-snippet:-1, max-image-preview:large, max-video-preview:-1\" \/>\n<link rel=\"canonical\" href=\"https:\/\/samsa.ai\/de\/status\/\" \/>\n<meta property=\"og:locale\" content=\"de_DE\" \/>\n<meta property=\"og:type\" content=\"article\" \/>\n<meta property=\"og:title\" content=\"System Status &#8211; Samsa\" \/>\n<meta property=\"og:description\" content=\"Live Updates \u00fcber die Verf\u00fcgbarkeit und Zwischenf\u00e4llen von Samsa. Erfahre hier ob alles online oder etwas offline ist.\" \/>\n<meta property=\"og:url\" content=\"https:\/\/samsa.ai\/de\/status\/\" \/>\n<meta property=\"og:site_name\" content=\"Samsa\" \/>\n<meta property=\"article:modified_time\" content=\"2026-01-02T12:37:09+00:00\" \/>\n<meta name=\"twitter:card\" content=\"summary_large_image\" \/>\n<meta name=\"twitter:site\" content=\"@SamsaAI\" \/>\n<meta name=\"twitter:label1\" content=\"Gesch\u00e4tzte Lesezeit\" \/>\n\t<meta name=\"twitter:data1\" content=\"1\u00a0Minute\" \/>\n<script type=\"application\/ld+json\" class=\"yoast-schema-graph\">{\"@context\":\"https:\/\/schema.org\",\"@graph\":[{\"@type\":\"WebPage\",\"@id\":\"https:\/\/samsa.ai\/de\/status\/\",\"url\":\"https:\/\/samsa.ai\/de\/status\/\",\"name\":\"System Status &#8211; Samsa\",\"isPartOf\":{\"@id\":\"https:\/\/samsa.ai\/de\/#website\"},\"datePublished\":\"2025-02-07T20:10:55+00:00\",\"dateModified\":\"2026-01-02T12:37:09+00:00\",\"description\":\"Live Updates \u00fcber die Verf\u00fcgbarkeit und Zwischenf\u00e4llen von Samsa. Erfahre hier ob alles online oder etwas offline ist.\",\"breadcrumb\":{\"@id\":\"https:\/\/samsa.ai\/de\/status\/#breadcrumb\"},\"inLanguage\":\"de\",\"potentialAction\":[{\"@type\":\"ReadAction\",\"target\":[\"https:\/\/samsa.ai\/de\/status\/\"]}]},{\"@type\":\"BreadcrumbList\",\"@id\":\"https:\/\/samsa.ai\/de\/status\/#breadcrumb\",\"itemListElement\":[{\"@type\":\"ListItem\",\"position\":1,\"name\":\"Home\",\"item\":\"https:\/\/samsa.ai\/de\/\"},{\"@type\":\"ListItem\",\"position\":2,\"name\":\"System Status\"}]},{\"@type\":\"WebSite\",\"@id\":\"https:\/\/samsa.ai\/de\/#website\",\"url\":\"https:\/\/samsa.ai\/de\/\",\"name\":\"Samsa\",\"description\":\"Your Brand. Your AI.\",\"publisher\":{\"@id\":\"https:\/\/samsa.ai\/de\/#organization\"},\"potentialAction\":[{\"@type\":\"SearchAction\",\"target\":{\"@type\":\"EntryPoint\",\"urlTemplate\":\"https:\/\/samsa.ai\/de\/?s={search_term_string}\"},\"query-input\":{\"@type\":\"PropertyValueSpecification\",\"valueRequired\":true,\"valueName\":\"search_term_string\"}}],\"inLanguage\":\"de\"},{\"@type\":\"Organization\",\"@id\":\"https:\/\/samsa.ai\/de\/#organization\",\"name\":\"Samsa.AI\",\"url\":\"https:\/\/samsa.ai\/de\/\",\"logo\":{\"@type\":\"ImageObject\",\"inLanguage\":\"de\",\"@id\":\"https:\/\/samsa.ai\/de\/#\/schema\/logo\/image\/\",\"url\":\"https:\/\/samsa.ai\/wp-content\/uploads\/2024\/08\/favicon.png\",\"contentUrl\":\"https:\/\/samsa.ai\/wp-content\/uploads\/2024\/08\/favicon.png\",\"width\":192,\"height\":192,\"caption\":\"Samsa.AI\"},\"image\":{\"@id\":\"https:\/\/samsa.ai\/de\/#\/schema\/logo\/image\/\"},\"sameAs\":[\"https:\/\/x.com\/SamsaAI\",\"https:\/\/www.linkedin.com\/company\/samsa-ai\/\"]}]}<\/script>\n<!-- \/ Yoast SEO plugin. -->","yoast_head_json":{"title":"System Status &#8211; Samsa","description":"Live Updates \u00fcber die Verf\u00fcgbarkeit und Zwischenf\u00e4llen von Samsa. Erfahre hier ob alles online oder etwas offline ist.","robots":{"index":"index","follow":"follow","max-snippet":"max-snippet:-1","max-image-preview":"max-image-preview:large","max-video-preview":"max-video-preview:-1"},"canonical":"https:\/\/samsa.ai\/de\/status\/","og_locale":"de_DE","og_type":"article","og_title":"System Status &#8211; Samsa","og_description":"Live Updates \u00fcber die Verf\u00fcgbarkeit und Zwischenf\u00e4llen von Samsa. Erfahre hier ob alles online oder etwas offline ist.","og_url":"https:\/\/samsa.ai\/de\/status\/","og_site_name":"Samsa","article_modified_time":"2026-01-02T12:37:09+00:00","twitter_card":"summary_large_image","twitter_site":"@SamsaAI","twitter_misc":{"Gesch\u00e4tzte Lesezeit":"1\u00a0Minute"},"schema":{"@context":"https:\/\/schema.org","@graph":[{"@type":"WebPage","@id":"https:\/\/samsa.ai\/de\/status\/","url":"https:\/\/samsa.ai\/de\/status\/","name":"System Status &#8211; Samsa","isPartOf":{"@id":"https:\/\/samsa.ai\/de\/#website"},"datePublished":"2025-02-07T20:10:55+00:00","dateModified":"2026-01-02T12:37:09+00:00","description":"Live Updates \u00fcber die Verf\u00fcgbarkeit und Zwischenf\u00e4llen von Samsa. Erfahre hier ob alles online oder etwas offline ist.","breadcrumb":{"@id":"https:\/\/samsa.ai\/de\/status\/#breadcrumb"},"inLanguage":"de","potentialAction":[{"@type":"ReadAction","target":["https:\/\/samsa.ai\/de\/status\/"]}]},{"@type":"BreadcrumbList","@id":"https:\/\/samsa.ai\/de\/status\/#breadcrumb","itemListElement":[{"@type":"ListItem","position":1,"name":"Home","item":"https:\/\/samsa.ai\/de\/"},{"@type":"ListItem","position":2,"name":"System Status"}]},{"@type":"WebSite","@id":"https:\/\/samsa.ai\/de\/#website","url":"https:\/\/samsa.ai\/de\/","name":"Samsa","description":"Your Brand. Your AI.","publisher":{"@id":"https:\/\/samsa.ai\/de\/#organization"},"potentialAction":[{"@type":"SearchAction","target":{"@type":"EntryPoint","urlTemplate":"https:\/\/samsa.ai\/de\/?s={search_term_string}"},"query-input":{"@type":"PropertyValueSpecification","valueRequired":true,"valueName":"search_term_string"}}],"inLanguage":"de"},{"@type":"Organization","@id":"https:\/\/samsa.ai\/de\/#organization","name":"Samsa.AI","url":"https:\/\/samsa.ai\/de\/","logo":{"@type":"ImageObject","inLanguage":"de","@id":"https:\/\/samsa.ai\/de\/#\/schema\/logo\/image\/","url":"https:\/\/samsa.ai\/wp-content\/uploads\/2024\/08\/favicon.png","contentUrl":"https:\/\/samsa.ai\/wp-content\/uploads\/2024\/08\/favicon.png","width":192,"height":192,"caption":"Samsa.AI"},"image":{"@id":"https:\/\/samsa.ai\/de\/#\/schema\/logo\/image\/"},"sameAs":["https:\/\/x.com\/SamsaAI","https:\/\/www.linkedin.com\/company\/samsa-ai\/"]}]}},"_links":{"self":[{"href":"https:\/\/samsa.ai\/de\/wp-json\/wp\/v2\/pages\/6891","targetHints":{"allow":["GET"]}}],"collection":[{"href":"https:\/\/samsa.ai\/de\/wp-json\/wp\/v2\/pages"}],"about":[{"href":"https:\/\/samsa.ai\/de\/wp-json\/wp\/v2\/types\/page"}],"author":[{"embeddable":true,"href":"https:\/\/samsa.ai\/de\/wp-json\/wp\/v2\/users\/1"}],"replies":[{"embeddable":true,"href":"https:\/\/samsa.ai\/de\/wp-json\/wp\/v2\/comments?post=6891"}],"version-history":[{"count":16,"href":"https:\/\/samsa.ai\/de\/wp-json\/wp\/v2\/pages\/6891\/revisions"}],"predecessor-version":[{"id":9693,"href":"https:\/\/samsa.ai\/de\/wp-json\/wp\/v2\/pages\/6891\/revisions\/9693"}],"wp:attachment":[{"href":"https:\/\/samsa.ai\/de\/wp-json\/wp\/v2\/media?parent=6891"}],"curies":[{"name":"wp","href":"https:\/\/api.w.org\/{rel}","templated":true}]}}