{"id":1677,"date":"2024-10-15T13:38:16","date_gmt":"2024-10-15T13:38:16","guid":{"rendered":"https:\/\/samsa.ai\/mentions-legales\/"},"modified":"2024-12-17T16:53:13","modified_gmt":"2024-12-17T16:53:13","slug":"mentions-legales","status":"publish","type":"page","link":"https:\/\/samsa.ai\/fr\/mentions-legales\/","title":{"rendered":"Mentions l\u00e9gales"},"content":{"rendered":"\t\t<div data-elementor-type=\"wp-page\" data-elementor-id=\"1677\" class=\"elementor elementor-1677 elementor-645\" data-elementor-settings=\"{&quot;element_pack_global_tooltip_width&quot;:{&quot;unit&quot;:&quot;px&quot;,&quot;size&quot;:&quot;&quot;,&quot;sizes&quot;:[]},&quot;element_pack_global_tooltip_width_tablet&quot;:{&quot;unit&quot;:&quot;px&quot;,&quot;size&quot;:&quot;&quot;,&quot;sizes&quot;:[]},&quot;element_pack_global_tooltip_width_mobile&quot;:{&quot;unit&quot;:&quot;px&quot;,&quot;size&quot;:&quot;&quot;,&quot;sizes&quot;:[]},&quot;element_pack_global_tooltip_padding&quot;:{&quot;unit&quot;:&quot;px&quot;,&quot;top&quot;:&quot;&quot;,&quot;right&quot;:&quot;&quot;,&quot;bottom&quot;:&quot;&quot;,&quot;left&quot;:&quot;&quot;,&quot;isLinked&quot;:true},&quot;element_pack_global_tooltip_padding_tablet&quot;:{&quot;unit&quot;:&quot;px&quot;,&quot;top&quot;:&quot;&quot;,&quot;right&quot;:&quot;&quot;,&quot;bottom&quot;:&quot;&quot;,&quot;left&quot;:&quot;&quot;,&quot;isLinked&quot;:true},&quot;element_pack_global_tooltip_padding_mobile&quot;:{&quot;unit&quot;:&quot;px&quot;,&quot;top&quot;:&quot;&quot;,&quot;right&quot;:&quot;&quot;,&quot;bottom&quot;:&quot;&quot;,&quot;left&quot;:&quot;&quot;,&quot;isLinked&quot;:true},&quot;element_pack_global_tooltip_border_radius&quot;:{&quot;unit&quot;:&quot;px&quot;,&quot;top&quot;:&quot;&quot;,&quot;right&quot;:&quot;&quot;,&quot;bottom&quot;:&quot;&quot;,&quot;left&quot;:&quot;&quot;,&quot;isLinked&quot;:true},&quot;element_pack_global_tooltip_border_radius_tablet&quot;:{&quot;unit&quot;:&quot;px&quot;,&quot;top&quot;:&quot;&quot;,&quot;right&quot;:&quot;&quot;,&quot;bottom&quot;:&quot;&quot;,&quot;left&quot;:&quot;&quot;,&quot;isLinked&quot;:true},&quot;element_pack_global_tooltip_border_radius_mobile&quot;:{&quot;unit&quot;:&quot;px&quot;,&quot;top&quot;:&quot;&quot;,&quot;right&quot;:&quot;&quot;,&quot;bottom&quot;:&quot;&quot;,&quot;left&quot;:&quot;&quot;,&quot;isLinked&quot;:true}}\">\n\t\t\t\t\t\t<div class=\"elementor-section elementor-top-section elementor-element elementor-element-e35798c elementor-section-boxed elementor-section-height-default elementor-section-height-default\" data-id=\"e35798c\" data-element_type=\"section\" data-settings=\"{&quot;background_background&quot;:&quot;classic&quot;}\">\n\t\t\t\t\t\t<div class=\"elementor-container elementor-column-gap-default\">\n\t\t\t\t\t<div class=\"elementor-column elementor-col-50 elementor-top-column elementor-element elementor-element-fcfb7fb\" data-id=\"fcfb7fb\" data-element_type=\"column\">\n\t\t\t<div class=\"elementor-widget-wrap elementor-element-populated\">\n\t\t\t\t\t\t<div class=\"elementor-element elementor-element-261fac0 ui-e-a-animate elementor-widget elementor-widget-highlighted-text\" data-id=\"261fac0\" data-element_type=\"widget\" data-widget_type=\"highlighted-text.default\">\n\t\t\t\t<div class=\"elementor-widget-container\">\n\t\t\t\t\t        <h1 class=\"ui-e--highlighted-text\">\n            <span class=\"ui-e-headline-text elementor-repeater-item-f8eda84\">Mentions l\u00e9gales<\/span>        <\/h1>\n    \t\t\t\t<\/div>\n\t\t\t\t<\/div>\n\t\t\t\t\t<\/div>\n\t\t<\/div>\n\t\t\t\t<div class=\"elementor-column elementor-col-50 elementor-top-column elementor-element elementor-element-2d1f03e\" data-id=\"2d1f03e\" data-element_type=\"column\" data-settings=\"{&quot;background_background&quot;:&quot;classic&quot;}\">\n\t\t\t<div class=\"elementor-widget-wrap elementor-element-populated\">\n\t\t\t\t\t\t<div class=\"elementor-element elementor-element-abf205a elementor-widget__width-initial elementor-widget-tablet__width-initial elementor-widget-mobile__width-inherit elementor-widget elementor-widget-text-editor\" data-id=\"abf205a\" data-element_type=\"widget\" data-widget_type=\"text-editor.default\">\n\t\t\t\t<div class=\"elementor-widget-container\">\n\t\t\t\t\t\t\t\t\t<div class=\"elementor-element elementor-element-3ec180a elementor-widget elementor-widget-text-editor\" data-id=\"3ec180a\" data-element_type=\"widget\" data-widget_type=\"text-editor.default\">\n<div class=\"elementor-widget-container\">\n<p><strong>Adresse de contact :<\/strong><br>Videodesign.ch GmbH<br>Pilatusstrasse 18<br>6003 Luzern<br>Suisse<\/p>\n<p>T\u00e9l\u00e9phone:&nbsp;<a href=\"tel:+41445558690\">+41 (0)44 555 86 90<\/a><br>E-Mail:&nbsp;<a href=\"mailto:hi@samsa.ai\">hi@samsa.ai<\/a><br>Web:&nbsp;<a href=\"https:\/\/samsa.ai\/fr\/\">www.samsa.ai<\/a><\/p>\n<\/div>\n<\/div>\n<div class=\"elementor-element elementor-element-40ada60 elementor-widget elementor-widget-text-editor\" data-id=\"40ada60\" data-element_type=\"widget\" data-widget_type=\"text-editor.default\">\n<div class=\"elementor-widget-container\">\n<p><strong>Repr\u00e9sentants autoris\u00e9s :<\/strong><br>Niklas Jung &#8211; PDG<br><\/p>\n<\/div>\n<\/div>\n<div class=\"elementor-element elementor-element-182c95b elementor-widget elementor-widget-text-editor\" data-id=\"182c95b\" data-element_type=\"widget\" data-widget_type=\"text-editor.default\">\n<div class=\"elementor-widget-container\">\n<p><strong>Num\u00e9ro de registre du commerce :<\/strong><br>CH-100.4.795.132-5<\/p>\n<p><strong>Num\u00e9ro de TVA suisse :<\/strong><br>CHE-289.241.167 MWST<\/p>\n<\/div>\n<\/div>\n<div class=\"elementor-element elementor-element-f83e5fe vd-legal-doc-content elementor-widget elementor-widget-text-editor\" data-id=\"f83e5fe\" data-element_type=\"widget\" data-widget_type=\"text-editor.default\">\n<div class=\"elementor-widget-container\">\n<p><b>Clause de non-responsabilit\u00e9<\/b><br>Videodesign.ch GmbH, en tant qu&rsquo;auteur de ce site Internet, n&rsquo;assume aucune responsabilit\u00e9 quant \u00e0 l&rsquo;exactitude, la pr\u00e9cision, l&rsquo;actualit\u00e9, la fiabilit\u00e9 et l&rsquo;exhaustivit\u00e9 des informations. Les demandes de responsabilit\u00e9 concernant les dommages caus\u00e9s par l&rsquo;utilisation de toute information fournie, y compris tout type d&rsquo;information incompl\u00e8te ou incorrecte, seront donc rejet\u00e9es. Toutes les offres sont sans engagement. L&rsquo;auteur se r\u00e9serve express\u00e9ment le droit de modifier, de compl\u00e9ter ou de supprimer des parties de pages ou l&rsquo;ensemble de l&rsquo;offre sans pr\u00e9avis ou de cesser temporairement ou d\u00e9finitivement la publication.   <\/p>\n<p><b>Responsabilit\u00e9 pour les liens<\/b><br>Les r\u00e9f\u00e9rences et les liens vers des sites Internet de tiers sont consid\u00e9r\u00e9s comme n&rsquo;entrant pas dans notre domaine de responsabilit\u00e9. Toute forme de responsabilit\u00e9 pour ces sites web est exclue. L&rsquo;acc\u00e8s et l&rsquo;utilisation de ces sites Internet se font aux risques et p\u00e9rils de l&rsquo;utilisateur.  <\/p>\n<p><b>Droits d&rsquo;auteur<\/b><br>Les droits d&rsquo;auteur et tous les autres droits relatifs aux contenus, images, photos ou autres \u00e9l\u00e9ments du site sont la propri\u00e9t\u00e9 exclusive de Videodesign.ch GmbH ou des propri\u00e9taires l\u00e9gaux sp\u00e9cialement d\u00e9sign\u00e9s. La reproduction de tout \u00e9l\u00e9ment n\u00e9cessite l&rsquo;accord \u00e9crit pr\u00e9alable des d\u00e9tenteurs des droits d&rsquo;auteur. <\/p>\n<p><b>Politique de confidentialit\u00e9<\/b><br>La protection des donn\u00e9es est tr\u00e8s importante pour nous. Tes donn\u00e9es seront trait\u00e9es conform\u00e9ment \u00e0 notre politique de confidentialit\u00e9 : &nbsp;<a href=\"https:\/\/samsa.ai\/privacy-policy\/\" target=\"_blank\" rel=\"noopener\">https:\/\/samsa.ai\/privacy-policy\/<\/a><\/p>\n<\/div>\n<\/div>\t\t\t\t\t\t\t\t<\/div>\n\t\t\t\t<\/div>\n\t\t\t\t\t<\/div>\n\t\t<\/div>\n\t\t\t\t\t<\/div>\n\t\t<\/div>\n\t\t\t\t<\/div>\n\t\t","protected":false},"excerpt":{"rendered":"<p>Mentions l\u00e9gales Adresse de contact :Videodesign.ch GmbHPilatusstrasse 186003 LuzernSuisse T\u00e9l\u00e9phone:&nbsp;+41 (0)44 555 86 90E-Mail:&nbsp;hi@samsa.aiWeb:&nbsp;www.samsa.ai Repr\u00e9sentants autoris\u00e9s :Niklas Jung &#8211; PDG Num\u00e9ro de [&hellip;]<\/p>\n","protected":false},"author":1,"featured_media":0,"parent":0,"menu_order":0,"comment_status":"closed","ping_status":"closed","template":"","meta":{"footnotes":""},"class_list":["post-1677","page","type-page","status-publish","hentry"],"yoast_head":"<!-- This site is optimized with the Yoast SEO plugin v26.6 - https:\/\/yoast.com\/wordpress\/plugins\/seo\/ -->\n<title>Mentions l\u00e9gales &#8211; Samsa.AI<\/title>\n<meta name=\"robots\" content=\"noindex, follow\" \/>\n<meta property=\"og:locale\" content=\"fr_FR\" \/>\n<meta property=\"og:type\" content=\"article\" \/>\n<meta property=\"og:title\" content=\"Mentions l\u00e9gales &#8211; Samsa.AI\" \/>\n<meta property=\"og:description\" content=\"Mentions l\u00e9gales Adresse de contact :Videodesign.ch GmbHPilatusstrasse 186003 LuzernSuisse T\u00e9l\u00e9phone:&nbsp;+41 (0)44 555 86 90E-Mail:&nbsp;hi@samsa.aiWeb:&nbsp;www.samsa.ai Repr\u00e9sentants autoris\u00e9s :Niklas Jung &#8211; PDG Num\u00e9ro de [&hellip;]\" \/>\n<meta property=\"og:url\" content=\"https:\/\/samsa.ai\/fr\/mentions-legales\/\" \/>\n<meta property=\"og:site_name\" content=\"Samsa.AI\" \/>\n<meta property=\"article:modified_time\" content=\"2024-12-17T16:53:13+00:00\" \/>\n<meta name=\"twitter:card\" content=\"summary_large_image\" \/>\n<meta name=\"twitter:site\" content=\"@SamsaAI\" \/>\n<meta name=\"twitter:label1\" content=\"Dur\u00e9e de lecture estim\u00e9e\" \/>\n\t<meta name=\"twitter:data1\" content=\"3 minutes\" \/>\n<script type=\"application\/ld+json\" class=\"yoast-schema-graph\">{\"@context\":\"https:\/\/schema.org\",\"@graph\":[{\"@type\":\"WebPage\",\"@id\":\"https:\/\/samsa.ai\/fr\/mentions-legales\/\",\"url\":\"https:\/\/samsa.ai\/fr\/mentions-legales\/\",\"name\":\"Mentions l\u00e9gales &#8211; Samsa.AI\",\"isPartOf\":{\"@id\":\"https:\/\/samsa.ai\/fr\/#website\"},\"datePublished\":\"2024-10-15T13:38:16+00:00\",\"dateModified\":\"2024-12-17T16:53:13+00:00\",\"breadcrumb\":{\"@id\":\"https:\/\/samsa.ai\/fr\/mentions-legales\/#breadcrumb\"},\"inLanguage\":\"fr-FR\",\"potentialAction\":[{\"@type\":\"ReadAction\",\"target\":[\"https:\/\/samsa.ai\/fr\/mentions-legales\/\"]}]},{\"@type\":\"BreadcrumbList\",\"@id\":\"https:\/\/samsa.ai\/fr\/mentions-legales\/#breadcrumb\",\"itemListElement\":[{\"@type\":\"ListItem\",\"position\":1,\"name\":\"Home\",\"item\":\"https:\/\/samsa.ai\/fr\/\"},{\"@type\":\"ListItem\",\"position\":2,\"name\":\"Mentions l\u00e9gales\"}]},{\"@type\":\"WebSite\",\"@id\":\"https:\/\/samsa.ai\/fr\/#website\",\"url\":\"https:\/\/samsa.ai\/fr\/\",\"name\":\"Samsa\",\"description\":\"Your Brand. Your AI.\",\"publisher\":{\"@id\":\"https:\/\/samsa.ai\/fr\/#organization\"},\"potentialAction\":[{\"@type\":\"SearchAction\",\"target\":{\"@type\":\"EntryPoint\",\"urlTemplate\":\"https:\/\/samsa.ai\/fr\/?s={search_term_string}\"},\"query-input\":{\"@type\":\"PropertyValueSpecification\",\"valueRequired\":true,\"valueName\":\"search_term_string\"}}],\"inLanguage\":\"fr-FR\"},{\"@type\":\"Organization\",\"@id\":\"https:\/\/samsa.ai\/fr\/#organization\",\"name\":\"Samsa.AI\",\"url\":\"https:\/\/samsa.ai\/fr\/\",\"logo\":{\"@type\":\"ImageObject\",\"inLanguage\":\"fr-FR\",\"@id\":\"https:\/\/samsa.ai\/fr\/#\/schema\/logo\/image\/\",\"url\":\"https:\/\/samsa.ai\/wp-content\/uploads\/2024\/08\/favicon.png\",\"contentUrl\":\"https:\/\/samsa.ai\/wp-content\/uploads\/2024\/08\/favicon.png\",\"width\":192,\"height\":192,\"caption\":\"Samsa.AI\"},\"image\":{\"@id\":\"https:\/\/samsa.ai\/fr\/#\/schema\/logo\/image\/\"},\"sameAs\":[\"https:\/\/x.com\/SamsaAI\",\"https:\/\/www.linkedin.com\/company\/samsa-ai\/\"]}]}<\/script>\n<!-- \/ Yoast SEO plugin. -->","yoast_head_json":{"title":"Mentions l\u00e9gales &#8211; Samsa.AI","robots":{"index":"noindex","follow":"follow"},"og_locale":"fr_FR","og_type":"article","og_title":"Mentions l\u00e9gales &#8211; Samsa.AI","og_description":"Mentions l\u00e9gales Adresse de contact :Videodesign.ch GmbHPilatusstrasse 186003 LuzernSuisse T\u00e9l\u00e9phone:&nbsp;+41 (0)44 555 86 90E-Mail:&nbsp;hi@samsa.aiWeb:&nbsp;www.samsa.ai Repr\u00e9sentants autoris\u00e9s :Niklas Jung &#8211; PDG Num\u00e9ro de [&hellip;]","og_url":"https:\/\/samsa.ai\/fr\/mentions-legales\/","og_site_name":"Samsa.AI","article_modified_time":"2024-12-17T16:53:13+00:00","twitter_card":"summary_large_image","twitter_site":"@SamsaAI","twitter_misc":{"Dur\u00e9e de lecture estim\u00e9e":"3 minutes"},"schema":{"@context":"https:\/\/schema.org","@graph":[{"@type":"WebPage","@id":"https:\/\/samsa.ai\/fr\/mentions-legales\/","url":"https:\/\/samsa.ai\/fr\/mentions-legales\/","name":"Mentions l\u00e9gales &#8211; Samsa.AI","isPartOf":{"@id":"https:\/\/samsa.ai\/fr\/#website"},"datePublished":"2024-10-15T13:38:16+00:00","dateModified":"2024-12-17T16:53:13+00:00","breadcrumb":{"@id":"https:\/\/samsa.ai\/fr\/mentions-legales\/#breadcrumb"},"inLanguage":"fr-FR","potentialAction":[{"@type":"ReadAction","target":["https:\/\/samsa.ai\/fr\/mentions-legales\/"]}]},{"@type":"BreadcrumbList","@id":"https:\/\/samsa.ai\/fr\/mentions-legales\/#breadcrumb","itemListElement":[{"@type":"ListItem","position":1,"name":"Home","item":"https:\/\/samsa.ai\/fr\/"},{"@type":"ListItem","position":2,"name":"Mentions l\u00e9gales"}]},{"@type":"WebSite","@id":"https:\/\/samsa.ai\/fr\/#website","url":"https:\/\/samsa.ai\/fr\/","name":"Samsa","description":"Your Brand. Your AI.","publisher":{"@id":"https:\/\/samsa.ai\/fr\/#organization"},"potentialAction":[{"@type":"SearchAction","target":{"@type":"EntryPoint","urlTemplate":"https:\/\/samsa.ai\/fr\/?s={search_term_string}"},"query-input":{"@type":"PropertyValueSpecification","valueRequired":true,"valueName":"search_term_string"}}],"inLanguage":"fr-FR"},{"@type":"Organization","@id":"https:\/\/samsa.ai\/fr\/#organization","name":"Samsa.AI","url":"https:\/\/samsa.ai\/fr\/","logo":{"@type":"ImageObject","inLanguage":"fr-FR","@id":"https:\/\/samsa.ai\/fr\/#\/schema\/logo\/image\/","url":"https:\/\/samsa.ai\/wp-content\/uploads\/2024\/08\/favicon.png","contentUrl":"https:\/\/samsa.ai\/wp-content\/uploads\/2024\/08\/favicon.png","width":192,"height":192,"caption":"Samsa.AI"},"image":{"@id":"https:\/\/samsa.ai\/fr\/#\/schema\/logo\/image\/"},"sameAs":["https:\/\/x.com\/SamsaAI","https:\/\/www.linkedin.com\/company\/samsa-ai\/"]}]}},"_links":{"self":[{"href":"https:\/\/samsa.ai\/fr\/wp-json\/wp\/v2\/pages\/1677","targetHints":{"allow":["GET"]}}],"collection":[{"href":"https:\/\/samsa.ai\/fr\/wp-json\/wp\/v2\/pages"}],"about":[{"href":"https:\/\/samsa.ai\/fr\/wp-json\/wp\/v2\/types\/page"}],"author":[{"embeddable":true,"href":"https:\/\/samsa.ai\/fr\/wp-json\/wp\/v2\/users\/1"}],"replies":[{"embeddable":true,"href":"https:\/\/samsa.ai\/fr\/wp-json\/wp\/v2\/comments?post=1677"}],"version-history":[{"count":4,"href":"https:\/\/samsa.ai\/fr\/wp-json\/wp\/v2\/pages\/1677\/revisions"}],"predecessor-version":[{"id":4584,"href":"https:\/\/samsa.ai\/fr\/wp-json\/wp\/v2\/pages\/1677\/revisions\/4584"}],"wp:attachment":[{"href":"https:\/\/samsa.ai\/fr\/wp-json\/wp\/v2\/media?parent=1677"}],"curies":[{"name":"wp","href":"https:\/\/api.w.org\/{rel}","templated":true}]}}