{"id":3285,"date":"2024-11-29T08:49:31","date_gmt":"2024-11-29T08:49:31","guid":{"rendered":"https:\/\/samsa.ai\/news\/"},"modified":"2026-01-02T12:23:51","modified_gmt":"2026-01-02T12:23:51","slug":"actualites","status":"publish","type":"page","link":"https:\/\/samsa.ai\/fr\/actualites\/","title":{"rendered":"Actualit\u00e9s"},"content":{"rendered":"\t\t<div data-elementor-type=\"wp-page\" data-elementor-id=\"3285\" class=\"elementor elementor-3285 elementor-3255\" data-elementor-settings=\"{&quot;element_pack_global_tooltip_width&quot;:{&quot;unit&quot;:&quot;px&quot;,&quot;size&quot;:&quot;&quot;,&quot;sizes&quot;:[]},&quot;element_pack_global_tooltip_width_tablet&quot;:{&quot;unit&quot;:&quot;px&quot;,&quot;size&quot;:&quot;&quot;,&quot;sizes&quot;:[]},&quot;element_pack_global_tooltip_width_mobile&quot;:{&quot;unit&quot;:&quot;px&quot;,&quot;size&quot;:&quot;&quot;,&quot;sizes&quot;:[]},&quot;element_pack_global_tooltip_padding&quot;:{&quot;unit&quot;:&quot;px&quot;,&quot;top&quot;:&quot;&quot;,&quot;right&quot;:&quot;&quot;,&quot;bottom&quot;:&quot;&quot;,&quot;left&quot;:&quot;&quot;,&quot;isLinked&quot;:true},&quot;element_pack_global_tooltip_padding_tablet&quot;:{&quot;unit&quot;:&quot;px&quot;,&quot;top&quot;:&quot;&quot;,&quot;right&quot;:&quot;&quot;,&quot;bottom&quot;:&quot;&quot;,&quot;left&quot;:&quot;&quot;,&quot;isLinked&quot;:true},&quot;element_pack_global_tooltip_padding_mobile&quot;:{&quot;unit&quot;:&quot;px&quot;,&quot;top&quot;:&quot;&quot;,&quot;right&quot;:&quot;&quot;,&quot;bottom&quot;:&quot;&quot;,&quot;left&quot;:&quot;&quot;,&quot;isLinked&quot;:true},&quot;element_pack_global_tooltip_border_radius&quot;:{&quot;unit&quot;:&quot;px&quot;,&quot;top&quot;:&quot;&quot;,&quot;right&quot;:&quot;&quot;,&quot;bottom&quot;:&quot;&quot;,&quot;left&quot;:&quot;&quot;,&quot;isLinked&quot;:true},&quot;element_pack_global_tooltip_border_radius_tablet&quot;:{&quot;unit&quot;:&quot;px&quot;,&quot;top&quot;:&quot;&quot;,&quot;right&quot;:&quot;&quot;,&quot;bottom&quot;:&quot;&quot;,&quot;left&quot;:&quot;&quot;,&quot;isLinked&quot;:true},&quot;element_pack_global_tooltip_border_radius_mobile&quot;:{&quot;unit&quot;:&quot;px&quot;,&quot;top&quot;:&quot;&quot;,&quot;right&quot;:&quot;&quot;,&quot;bottom&quot;:&quot;&quot;,&quot;left&quot;:&quot;&quot;,&quot;isLinked&quot;:true}}\">\n\t\t\t\t\t\t<div class=\"elementor-section elementor-top-section elementor-element elementor-element-c8795d5 elementor-section-boxed elementor-section-height-default elementor-section-height-default\" data-id=\"c8795d5\" data-element_type=\"section\" data-settings=\"{&quot;background_background&quot;:&quot;classic&quot;}\">\n\t\t\t\t\t\t<div class=\"elementor-container elementor-column-gap-default\">\n\t\t\t\t\t<div class=\"elementor-column elementor-col-100 elementor-top-column elementor-element elementor-element-4bc2a58\" data-id=\"4bc2a58\" data-element_type=\"column\">\n\t\t\t<div class=\"elementor-widget-wrap elementor-element-populated\">\n\t\t\t\t\t\t<div class=\"elementor-element elementor-element-bfaba07 elementor-widget__width-inherit elementor-widget-tablet__width-initial elementor-widget elementor-widget-heading\" data-id=\"bfaba07\" data-element_type=\"widget\" data-widget_type=\"heading.default\">\n\t\t\t\t<div class=\"elementor-widget-container\">\n\t\t\t\t\t<h1 class=\"elementor-heading-title elementor-size-default\">Toujours en am\u00e9lioration<\/h1>\t\t\t\t<\/div>\n\t\t\t\t<\/div>\n\t\t\t\t<div class=\"elementor-element elementor-element-898232f elementor-widget__width-inherit elementor-widget-tablet__width-inherit elementor-widget-mobile__width-inherit elementor-widget elementor-widget-text-editor\" data-id=\"898232f\" data-element_type=\"widget\" data-widget_type=\"text-editor.default\">\n\t\t\t\t<div class=\"elementor-widget-container\">\n\t\t\t\t\t\t\t\t\t<p>D\u00e9couvre les nouveaut\u00e9s chez Samsa. <br \/>Nous livrons r\u00e9guli\u00e8rement des mises \u00e0 jour bas\u00e9es sur ce dont les brand managers ont vraiment besoin.<\/p>\t\t\t\t\t\t\t\t<\/div>\n\t\t\t\t<\/div>\n\t\t\t\t\t<\/div>\n\t\t<\/div>\n\t\t\t\t\t<\/div>\n\t\t<\/div>\n\t\t\t\t<div class=\"elementor-section elementor-top-section elementor-element elementor-element-b97111a elementor-section-boxed elementor-section-height-default elementor-section-height-default\" data-id=\"b97111a\" data-element_type=\"section\" data-settings=\"{&quot;background_background&quot;:&quot;classic&quot;}\">\n\t\t\t\t\t\t<div class=\"elementor-container elementor-column-gap-default\">\n\t\t\t\t\t<div class=\"elementor-column elementor-col-100 elementor-top-column elementor-element elementor-element-8dace8f\" data-id=\"8dace8f\" data-element_type=\"column\" data-settings=\"{&quot;background_background&quot;:&quot;classic&quot;}\">\n\t\t\t<div class=\"elementor-widget-wrap elementor-element-populated\">\n\t\t\t\t\t\t<div class=\"elementor-element elementor-element-3fe6c74 elementor-widget elementor-widget-html\" data-id=\"3fe6c74\" data-element_type=\"widget\" data-widget_type=\"html.default\">\n\t\t\t\t<div class=\"elementor-widget-container\">\n\t\t\t\t\t<iframe src=\"https:\/\/roadmap.samsa.ai?widgetApp=embed\" width=\"100%\" height=\"1000px\" class=\"news-iframe\"><\/iframe>\t\t\t\t<\/div>\n\t\t\t\t<\/div>\n\t\t\t\t\t<\/div>\n\t\t<\/div>\n\t\t\t\t\t<\/div>\n\t\t<\/div>\n\t\t\t\t<\/div>\n\t\t","protected":false},"excerpt":{"rendered":"<p>Toujours en am\u00e9lioration D\u00e9couvre les nouveaut\u00e9s chez Samsa. Nous livrons r\u00e9guli\u00e8rement des mises \u00e0 jour bas\u00e9es sur ce dont les brand managers [&hellip;]<\/p>\n","protected":false},"author":1,"featured_media":0,"parent":0,"menu_order":0,"comment_status":"closed","ping_status":"closed","template":"","meta":{"footnotes":""},"class_list":["post-3285","page","type-page","status-publish","hentry"],"yoast_head":"<!-- This site is optimized with the Yoast SEO plugin v26.6 - https:\/\/yoast.com\/wordpress\/plugins\/seo\/ -->\n<title>Actualit\u00e9s et mises \u00e0 jour &#8211; Samsa.AI<\/title>\n<meta name=\"description\" content=\"Actualit\u00e9s et d\u00e9tails de Samsa | Solution d&#039;IA g\u00e9n\u00e9rative pour les entreprises\" \/>\n<meta name=\"robots\" content=\"index, follow, max-snippet:-1, max-image-preview:large, max-video-preview:-1\" \/>\n<link rel=\"canonical\" href=\"https:\/\/samsa.ai\/fr\/actualites\/\" \/>\n<meta property=\"og:locale\" content=\"fr_FR\" \/>\n<meta property=\"og:type\" content=\"article\" \/>\n<meta property=\"og:title\" content=\"Actualit\u00e9s et mises \u00e0 jour &#8211; Samsa.AI\" \/>\n<meta property=\"og:description\" content=\"Actualit\u00e9s et d\u00e9tails de Samsa | Solution d&#039;IA g\u00e9n\u00e9rative pour les entreprises\" \/>\n<meta property=\"og:url\" content=\"https:\/\/samsa.ai\/fr\/actualites\/\" \/>\n<meta property=\"og:site_name\" content=\"Samsa.AI\" \/>\n<meta property=\"article:modified_time\" content=\"2026-01-02T12:23:51+00:00\" \/>\n<meta name=\"twitter:card\" content=\"summary_large_image\" \/>\n<meta name=\"twitter:site\" content=\"@SamsaAI\" \/>\n<meta name=\"twitter:label1\" content=\"Dur\u00e9e de lecture estim\u00e9e\" \/>\n\t<meta name=\"twitter:data1\" content=\"1 minute\" \/>\n<script type=\"application\/ld+json\" class=\"yoast-schema-graph\">{\"@context\":\"https:\/\/schema.org\",\"@graph\":[{\"@type\":\"WebPage\",\"@id\":\"https:\/\/samsa.ai\/fr\/actualites\/\",\"url\":\"https:\/\/samsa.ai\/fr\/actualites\/\",\"name\":\"Actualit\u00e9s et mises \u00e0 jour &#8211; Samsa.AI\",\"isPartOf\":{\"@id\":\"https:\/\/samsa.ai\/fr\/#website\"},\"datePublished\":\"2024-11-29T08:49:31+00:00\",\"dateModified\":\"2026-01-02T12:23:51+00:00\",\"description\":\"Actualit\u00e9s et d\u00e9tails de Samsa | Solution d'IA g\u00e9n\u00e9rative pour les entreprises\",\"breadcrumb\":{\"@id\":\"https:\/\/samsa.ai\/fr\/actualites\/#breadcrumb\"},\"inLanguage\":\"fr-FR\",\"potentialAction\":[{\"@type\":\"ReadAction\",\"target\":[\"https:\/\/samsa.ai\/fr\/actualites\/\"]}]},{\"@type\":\"BreadcrumbList\",\"@id\":\"https:\/\/samsa.ai\/fr\/actualites\/#breadcrumb\",\"itemListElement\":[{\"@type\":\"ListItem\",\"position\":1,\"name\":\"Home\",\"item\":\"https:\/\/samsa.ai\/fr\/\"},{\"@type\":\"ListItem\",\"position\":2,\"name\":\"Actualit\u00e9s\"}]},{\"@type\":\"WebSite\",\"@id\":\"https:\/\/samsa.ai\/fr\/#website\",\"url\":\"https:\/\/samsa.ai\/fr\/\",\"name\":\"Samsa\",\"description\":\"Your Brand. Your AI.\",\"publisher\":{\"@id\":\"https:\/\/samsa.ai\/fr\/#organization\"},\"potentialAction\":[{\"@type\":\"SearchAction\",\"target\":{\"@type\":\"EntryPoint\",\"urlTemplate\":\"https:\/\/samsa.ai\/fr\/?s={search_term_string}\"},\"query-input\":{\"@type\":\"PropertyValueSpecification\",\"valueRequired\":true,\"valueName\":\"search_term_string\"}}],\"inLanguage\":\"fr-FR\"},{\"@type\":\"Organization\",\"@id\":\"https:\/\/samsa.ai\/fr\/#organization\",\"name\":\"Samsa.AI\",\"url\":\"https:\/\/samsa.ai\/fr\/\",\"logo\":{\"@type\":\"ImageObject\",\"inLanguage\":\"fr-FR\",\"@id\":\"https:\/\/samsa.ai\/fr\/#\/schema\/logo\/image\/\",\"url\":\"https:\/\/samsa.ai\/wp-content\/uploads\/2024\/08\/favicon.png\",\"contentUrl\":\"https:\/\/samsa.ai\/wp-content\/uploads\/2024\/08\/favicon.png\",\"width\":192,\"height\":192,\"caption\":\"Samsa.AI\"},\"image\":{\"@id\":\"https:\/\/samsa.ai\/fr\/#\/schema\/logo\/image\/\"},\"sameAs\":[\"https:\/\/x.com\/SamsaAI\",\"https:\/\/www.linkedin.com\/company\/samsa-ai\/\"]}]}<\/script>\n<!-- \/ Yoast SEO plugin. -->","yoast_head_json":{"title":"Actualit\u00e9s et mises \u00e0 jour &#8211; Samsa.AI","description":"Actualit\u00e9s et d\u00e9tails de Samsa | Solution d'IA g\u00e9n\u00e9rative pour les entreprises","robots":{"index":"index","follow":"follow","max-snippet":"max-snippet:-1","max-image-preview":"max-image-preview:large","max-video-preview":"max-video-preview:-1"},"canonical":"https:\/\/samsa.ai\/fr\/actualites\/","og_locale":"fr_FR","og_type":"article","og_title":"Actualit\u00e9s et mises \u00e0 jour &#8211; Samsa.AI","og_description":"Actualit\u00e9s et d\u00e9tails de Samsa | Solution d'IA g\u00e9n\u00e9rative pour les entreprises","og_url":"https:\/\/samsa.ai\/fr\/actualites\/","og_site_name":"Samsa.AI","article_modified_time":"2026-01-02T12:23:51+00:00","twitter_card":"summary_large_image","twitter_site":"@SamsaAI","twitter_misc":{"Dur\u00e9e de lecture estim\u00e9e":"1 minute"},"schema":{"@context":"https:\/\/schema.org","@graph":[{"@type":"WebPage","@id":"https:\/\/samsa.ai\/fr\/actualites\/","url":"https:\/\/samsa.ai\/fr\/actualites\/","name":"Actualit\u00e9s et mises \u00e0 jour &#8211; Samsa.AI","isPartOf":{"@id":"https:\/\/samsa.ai\/fr\/#website"},"datePublished":"2024-11-29T08:49:31+00:00","dateModified":"2026-01-02T12:23:51+00:00","description":"Actualit\u00e9s et d\u00e9tails de Samsa | Solution d'IA g\u00e9n\u00e9rative pour les entreprises","breadcrumb":{"@id":"https:\/\/samsa.ai\/fr\/actualites\/#breadcrumb"},"inLanguage":"fr-FR","potentialAction":[{"@type":"ReadAction","target":["https:\/\/samsa.ai\/fr\/actualites\/"]}]},{"@type":"BreadcrumbList","@id":"https:\/\/samsa.ai\/fr\/actualites\/#breadcrumb","itemListElement":[{"@type":"ListItem","position":1,"name":"Home","item":"https:\/\/samsa.ai\/fr\/"},{"@type":"ListItem","position":2,"name":"Actualit\u00e9s"}]},{"@type":"WebSite","@id":"https:\/\/samsa.ai\/fr\/#website","url":"https:\/\/samsa.ai\/fr\/","name":"Samsa","description":"Your Brand. Your AI.","publisher":{"@id":"https:\/\/samsa.ai\/fr\/#organization"},"potentialAction":[{"@type":"SearchAction","target":{"@type":"EntryPoint","urlTemplate":"https:\/\/samsa.ai\/fr\/?s={search_term_string}"},"query-input":{"@type":"PropertyValueSpecification","valueRequired":true,"valueName":"search_term_string"}}],"inLanguage":"fr-FR"},{"@type":"Organization","@id":"https:\/\/samsa.ai\/fr\/#organization","name":"Samsa.AI","url":"https:\/\/samsa.ai\/fr\/","logo":{"@type":"ImageObject","inLanguage":"fr-FR","@id":"https:\/\/samsa.ai\/fr\/#\/schema\/logo\/image\/","url":"https:\/\/samsa.ai\/wp-content\/uploads\/2024\/08\/favicon.png","contentUrl":"https:\/\/samsa.ai\/wp-content\/uploads\/2024\/08\/favicon.png","width":192,"height":192,"caption":"Samsa.AI"},"image":{"@id":"https:\/\/samsa.ai\/fr\/#\/schema\/logo\/image\/"},"sameAs":["https:\/\/x.com\/SamsaAI","https:\/\/www.linkedin.com\/company\/samsa-ai\/"]}]}},"_links":{"self":[{"href":"https:\/\/samsa.ai\/fr\/wp-json\/wp\/v2\/pages\/3285","targetHints":{"allow":["GET"]}}],"collection":[{"href":"https:\/\/samsa.ai\/fr\/wp-json\/wp\/v2\/pages"}],"about":[{"href":"https:\/\/samsa.ai\/fr\/wp-json\/wp\/v2\/types\/page"}],"author":[{"embeddable":true,"href":"https:\/\/samsa.ai\/fr\/wp-json\/wp\/v2\/users\/1"}],"replies":[{"embeddable":true,"href":"https:\/\/samsa.ai\/fr\/wp-json\/wp\/v2\/comments?post=3285"}],"version-history":[{"count":13,"href":"https:\/\/samsa.ai\/fr\/wp-json\/wp\/v2\/pages\/3285\/revisions"}],"predecessor-version":[{"id":9683,"href":"https:\/\/samsa.ai\/fr\/wp-json\/wp\/v2\/pages\/3285\/revisions\/9683"}],"wp:attachment":[{"href":"https:\/\/samsa.ai\/fr\/wp-json\/wp\/v2\/media?parent=3285"}],"curies":[{"name":"wp","href":"https:\/\/api.w.org\/{rel}","templated":true}]}}