{"id":6890,"date":"2025-02-07T20:10:55","date_gmt":"2025-02-07T20:10:55","guid":{"rendered":"https:\/\/samsa.ai\/status\/"},"modified":"2026-01-02T12:37:21","modified_gmt":"2026-01-02T12:37:21","slug":"statut","status":"publish","type":"page","link":"https:\/\/samsa.ai\/fr\/statut\/","title":{"rendered":"Syst\u00e8me Statut"},"content":{"rendered":"\t\t<div data-elementor-type=\"wp-page\" data-elementor-id=\"6890\" class=\"elementor elementor-6890 elementor-6882\" data-elementor-settings=\"{&quot;element_pack_global_tooltip_width&quot;:{&quot;unit&quot;:&quot;px&quot;,&quot;size&quot;:&quot;&quot;,&quot;sizes&quot;:[]},&quot;element_pack_global_tooltip_width_tablet&quot;:{&quot;unit&quot;:&quot;px&quot;,&quot;size&quot;:&quot;&quot;,&quot;sizes&quot;:[]},&quot;element_pack_global_tooltip_width_mobile&quot;:{&quot;unit&quot;:&quot;px&quot;,&quot;size&quot;:&quot;&quot;,&quot;sizes&quot;:[]},&quot;element_pack_global_tooltip_padding&quot;:{&quot;unit&quot;:&quot;px&quot;,&quot;top&quot;:&quot;&quot;,&quot;right&quot;:&quot;&quot;,&quot;bottom&quot;:&quot;&quot;,&quot;left&quot;:&quot;&quot;,&quot;isLinked&quot;:true},&quot;element_pack_global_tooltip_padding_tablet&quot;:{&quot;unit&quot;:&quot;px&quot;,&quot;top&quot;:&quot;&quot;,&quot;right&quot;:&quot;&quot;,&quot;bottom&quot;:&quot;&quot;,&quot;left&quot;:&quot;&quot;,&quot;isLinked&quot;:true},&quot;element_pack_global_tooltip_padding_mobile&quot;:{&quot;unit&quot;:&quot;px&quot;,&quot;top&quot;:&quot;&quot;,&quot;right&quot;:&quot;&quot;,&quot;bottom&quot;:&quot;&quot;,&quot;left&quot;:&quot;&quot;,&quot;isLinked&quot;:true},&quot;element_pack_global_tooltip_border_radius&quot;:{&quot;unit&quot;:&quot;px&quot;,&quot;top&quot;:&quot;&quot;,&quot;right&quot;:&quot;&quot;,&quot;bottom&quot;:&quot;&quot;,&quot;left&quot;:&quot;&quot;,&quot;isLinked&quot;:true},&quot;element_pack_global_tooltip_border_radius_tablet&quot;:{&quot;unit&quot;:&quot;px&quot;,&quot;top&quot;:&quot;&quot;,&quot;right&quot;:&quot;&quot;,&quot;bottom&quot;:&quot;&quot;,&quot;left&quot;:&quot;&quot;,&quot;isLinked&quot;:true},&quot;element_pack_global_tooltip_border_radius_mobile&quot;:{&quot;unit&quot;:&quot;px&quot;,&quot;top&quot;:&quot;&quot;,&quot;right&quot;:&quot;&quot;,&quot;bottom&quot;:&quot;&quot;,&quot;left&quot;:&quot;&quot;,&quot;isLinked&quot;:true}}\">\n\t\t\t\t\t\t<div class=\"elementor-section elementor-top-section elementor-element elementor-element-cd5a0aa elementor-section-boxed elementor-section-height-default elementor-section-height-default\" data-id=\"cd5a0aa\" data-element_type=\"section\" data-settings=\"{&quot;background_background&quot;:&quot;classic&quot;}\">\n\t\t\t\t\t\t<div class=\"elementor-container elementor-column-gap-default\">\n\t\t\t\t\t<div class=\"elementor-column elementor-col-100 elementor-top-column elementor-element elementor-element-6189024\" data-id=\"6189024\" data-element_type=\"column\">\n\t\t\t<div class=\"elementor-widget-wrap elementor-element-populated\">\n\t\t\t\t\t\t<div class=\"elementor-element elementor-element-72a3a3b elementor-widget__width-inherit elementor-widget-tablet__width-initial elementor-widget elementor-widget-heading\" data-id=\"72a3a3b\" data-element_type=\"widget\" data-widget_type=\"heading.default\">\n\t\t\t\t<div class=\"elementor-widget-container\">\n\t\t\t\t\t<h1 class=\"elementor-heading-title elementor-size-default\">\u00c9tat du syst\u00e8me<\/h1>\t\t\t\t<\/div>\n\t\t\t\t<\/div>\n\t\t\t\t<div class=\"elementor-element elementor-element-6f59a2f elementor-widget__width-inherit elementor-widget-tablet__width-inherit elementor-widget-mobile__width-inherit elementor-widget elementor-widget-text-editor\" data-id=\"6f59a2f\" data-element_type=\"widget\" data-widget_type=\"text-editor.default\">\n\t\t\t\t<div class=\"elementor-widget-container\">\n\t\t\t\t\t\t\t\t\t<p>Aper\u00e7u en temps r\u00e9el de la disponibilit\u00e9 et des performances de Samsa.<\/p>\t\t\t\t\t\t\t\t<\/div>\n\t\t\t\t<\/div>\n\t\t\t\t\t<\/div>\n\t\t<\/div>\n\t\t\t\t\t<\/div>\n\t\t<\/div>\n\t\t\t\t<div class=\"elementor-section elementor-top-section elementor-element elementor-element-b97111a elementor-section-boxed elementor-section-height-default elementor-section-height-default\" data-id=\"b97111a\" data-element_type=\"section\" data-settings=\"{&quot;background_background&quot;:&quot;classic&quot;}\">\n\t\t\t\t\t\t<div class=\"elementor-container elementor-column-gap-default\">\n\t\t\t\t\t<div class=\"elementor-column elementor-col-100 elementor-top-column elementor-element elementor-element-8dace8f\" data-id=\"8dace8f\" data-element_type=\"column\" data-settings=\"{&quot;background_background&quot;:&quot;classic&quot;}\">\n\t\t\t<div class=\"elementor-widget-wrap elementor-element-populated\">\n\t\t\t\t\t\t<div class=\"elementor-element elementor-element-3fe6c74 elementor-widget elementor-widget-html\" data-id=\"3fe6c74\" data-element_type=\"widget\" data-widget_type=\"html.default\">\n\t\t\t\t<div class=\"elementor-widget-container\">\n\t\t\t\t\t<iframe src=\"https:\/\/status.samsa.ai\/fr\" width=\"100%\" height=\"900\" scrolling=\"no\" class=\"status-iframe\"><\/iframe>\t\t\t\t<\/div>\n\t\t\t\t<\/div>\n\t\t\t\t\t<\/div>\n\t\t<\/div>\n\t\t\t\t\t<\/div>\n\t\t<\/div>\n\t\t\t\t<\/div>\n\t\t","protected":false},"excerpt":{"rendered":"<p>\u00c9tat du syst\u00e8me Aper\u00e7u en temps r\u00e9el de la disponibilit\u00e9 et des performances de Samsa.<\/p>\n","protected":false},"author":1,"featured_media":0,"parent":0,"menu_order":0,"comment_status":"closed","ping_status":"closed","template":"","meta":{"footnotes":""},"class_list":["post-6890","page","type-page","status-publish","hentry"],"yoast_head":"<!-- This site is optimized with the Yoast SEO plugin v26.6 - https:\/\/yoast.com\/wordpress\/plugins\/seo\/ -->\n<title>Syst\u00e8me Statut &#8211; Samsa.AI<\/title>\n<meta name=\"description\" content=\"Mises \u00e0 jour en direct sur la disponibilit\u00e9 et les incidents de Samsa. D\u00e9couvre ici si tout est en ligne ou si quelque chose est hors ligne.\" \/>\n<meta name=\"robots\" content=\"index, follow, max-snippet:-1, max-image-preview:large, max-video-preview:-1\" \/>\n<link rel=\"canonical\" href=\"https:\/\/samsa.ai\/fr\/statut\/\" \/>\n<meta property=\"og:locale\" content=\"fr_FR\" \/>\n<meta property=\"og:type\" content=\"article\" \/>\n<meta property=\"og:title\" content=\"Syst\u00e8me Statut &#8211; Samsa.AI\" \/>\n<meta property=\"og:description\" content=\"Mises \u00e0 jour en direct sur la disponibilit\u00e9 et les incidents de Samsa. D\u00e9couvre ici si tout est en ligne ou si quelque chose est hors ligne.\" \/>\n<meta property=\"og:url\" content=\"https:\/\/samsa.ai\/fr\/statut\/\" \/>\n<meta property=\"og:site_name\" content=\"Samsa.AI\" \/>\n<meta property=\"article:modified_time\" content=\"2026-01-02T12:37:21+00:00\" \/>\n<meta name=\"twitter:card\" content=\"summary_large_image\" \/>\n<meta name=\"twitter:site\" content=\"@SamsaAI\" \/>\n<meta name=\"twitter:label1\" content=\"Dur\u00e9e de lecture estim\u00e9e\" \/>\n\t<meta name=\"twitter:data1\" content=\"1 minute\" \/>\n<script type=\"application\/ld+json\" class=\"yoast-schema-graph\">{\"@context\":\"https:\/\/schema.org\",\"@graph\":[{\"@type\":\"WebPage\",\"@id\":\"https:\/\/samsa.ai\/fr\/statut\/\",\"url\":\"https:\/\/samsa.ai\/fr\/statut\/\",\"name\":\"Syst\u00e8me Statut &#8211; Samsa.AI\",\"isPartOf\":{\"@id\":\"https:\/\/samsa.ai\/fr\/#website\"},\"datePublished\":\"2025-02-07T20:10:55+00:00\",\"dateModified\":\"2026-01-02T12:37:21+00:00\",\"description\":\"Mises \u00e0 jour en direct sur la disponibilit\u00e9 et les incidents de Samsa. D\u00e9couvre ici si tout est en ligne ou si quelque chose est hors ligne.\",\"breadcrumb\":{\"@id\":\"https:\/\/samsa.ai\/fr\/statut\/#breadcrumb\"},\"inLanguage\":\"fr-FR\",\"potentialAction\":[{\"@type\":\"ReadAction\",\"target\":[\"https:\/\/samsa.ai\/fr\/statut\/\"]}]},{\"@type\":\"BreadcrumbList\",\"@id\":\"https:\/\/samsa.ai\/fr\/statut\/#breadcrumb\",\"itemListElement\":[{\"@type\":\"ListItem\",\"position\":1,\"name\":\"Home\",\"item\":\"https:\/\/samsa.ai\/fr\/\"},{\"@type\":\"ListItem\",\"position\":2,\"name\":\"Syst\u00e8me Statut\"}]},{\"@type\":\"WebSite\",\"@id\":\"https:\/\/samsa.ai\/fr\/#website\",\"url\":\"https:\/\/samsa.ai\/fr\/\",\"name\":\"Samsa\",\"description\":\"Your Brand. Your AI.\",\"publisher\":{\"@id\":\"https:\/\/samsa.ai\/fr\/#organization\"},\"potentialAction\":[{\"@type\":\"SearchAction\",\"target\":{\"@type\":\"EntryPoint\",\"urlTemplate\":\"https:\/\/samsa.ai\/fr\/?s={search_term_string}\"},\"query-input\":{\"@type\":\"PropertyValueSpecification\",\"valueRequired\":true,\"valueName\":\"search_term_string\"}}],\"inLanguage\":\"fr-FR\"},{\"@type\":\"Organization\",\"@id\":\"https:\/\/samsa.ai\/fr\/#organization\",\"name\":\"Samsa.AI\",\"url\":\"https:\/\/samsa.ai\/fr\/\",\"logo\":{\"@type\":\"ImageObject\",\"inLanguage\":\"fr-FR\",\"@id\":\"https:\/\/samsa.ai\/fr\/#\/schema\/logo\/image\/\",\"url\":\"https:\/\/samsa.ai\/wp-content\/uploads\/2024\/08\/favicon.png\",\"contentUrl\":\"https:\/\/samsa.ai\/wp-content\/uploads\/2024\/08\/favicon.png\",\"width\":192,\"height\":192,\"caption\":\"Samsa.AI\"},\"image\":{\"@id\":\"https:\/\/samsa.ai\/fr\/#\/schema\/logo\/image\/\"},\"sameAs\":[\"https:\/\/x.com\/SamsaAI\",\"https:\/\/www.linkedin.com\/company\/samsa-ai\/\"]}]}<\/script>\n<!-- \/ Yoast SEO plugin. -->","yoast_head_json":{"title":"Syst\u00e8me Statut &#8211; Samsa.AI","description":"Mises \u00e0 jour en direct sur la disponibilit\u00e9 et les incidents de Samsa. D\u00e9couvre ici si tout est en ligne ou si quelque chose est hors ligne.","robots":{"index":"index","follow":"follow","max-snippet":"max-snippet:-1","max-image-preview":"max-image-preview:large","max-video-preview":"max-video-preview:-1"},"canonical":"https:\/\/samsa.ai\/fr\/statut\/","og_locale":"fr_FR","og_type":"article","og_title":"Syst\u00e8me Statut &#8211; Samsa.AI","og_description":"Mises \u00e0 jour en direct sur la disponibilit\u00e9 et les incidents de Samsa. D\u00e9couvre ici si tout est en ligne ou si quelque chose est hors ligne.","og_url":"https:\/\/samsa.ai\/fr\/statut\/","og_site_name":"Samsa.AI","article_modified_time":"2026-01-02T12:37:21+00:00","twitter_card":"summary_large_image","twitter_site":"@SamsaAI","twitter_misc":{"Dur\u00e9e de lecture estim\u00e9e":"1 minute"},"schema":{"@context":"https:\/\/schema.org","@graph":[{"@type":"WebPage","@id":"https:\/\/samsa.ai\/fr\/statut\/","url":"https:\/\/samsa.ai\/fr\/statut\/","name":"Syst\u00e8me Statut &#8211; Samsa.AI","isPartOf":{"@id":"https:\/\/samsa.ai\/fr\/#website"},"datePublished":"2025-02-07T20:10:55+00:00","dateModified":"2026-01-02T12:37:21+00:00","description":"Mises \u00e0 jour en direct sur la disponibilit\u00e9 et les incidents de Samsa. D\u00e9couvre ici si tout est en ligne ou si quelque chose est hors ligne.","breadcrumb":{"@id":"https:\/\/samsa.ai\/fr\/statut\/#breadcrumb"},"inLanguage":"fr-FR","potentialAction":[{"@type":"ReadAction","target":["https:\/\/samsa.ai\/fr\/statut\/"]}]},{"@type":"BreadcrumbList","@id":"https:\/\/samsa.ai\/fr\/statut\/#breadcrumb","itemListElement":[{"@type":"ListItem","position":1,"name":"Home","item":"https:\/\/samsa.ai\/fr\/"},{"@type":"ListItem","position":2,"name":"Syst\u00e8me Statut"}]},{"@type":"WebSite","@id":"https:\/\/samsa.ai\/fr\/#website","url":"https:\/\/samsa.ai\/fr\/","name":"Samsa","description":"Your Brand. Your AI.","publisher":{"@id":"https:\/\/samsa.ai\/fr\/#organization"},"potentialAction":[{"@type":"SearchAction","target":{"@type":"EntryPoint","urlTemplate":"https:\/\/samsa.ai\/fr\/?s={search_term_string}"},"query-input":{"@type":"PropertyValueSpecification","valueRequired":true,"valueName":"search_term_string"}}],"inLanguage":"fr-FR"},{"@type":"Organization","@id":"https:\/\/samsa.ai\/fr\/#organization","name":"Samsa.AI","url":"https:\/\/samsa.ai\/fr\/","logo":{"@type":"ImageObject","inLanguage":"fr-FR","@id":"https:\/\/samsa.ai\/fr\/#\/schema\/logo\/image\/","url":"https:\/\/samsa.ai\/wp-content\/uploads\/2024\/08\/favicon.png","contentUrl":"https:\/\/samsa.ai\/wp-content\/uploads\/2024\/08\/favicon.png","width":192,"height":192,"caption":"Samsa.AI"},"image":{"@id":"https:\/\/samsa.ai\/fr\/#\/schema\/logo\/image\/"},"sameAs":["https:\/\/x.com\/SamsaAI","https:\/\/www.linkedin.com\/company\/samsa-ai\/"]}]}},"_links":{"self":[{"href":"https:\/\/samsa.ai\/fr\/wp-json\/wp\/v2\/pages\/6890","targetHints":{"allow":["GET"]}}],"collection":[{"href":"https:\/\/samsa.ai\/fr\/wp-json\/wp\/v2\/pages"}],"about":[{"href":"https:\/\/samsa.ai\/fr\/wp-json\/wp\/v2\/types\/page"}],"author":[{"embeddable":true,"href":"https:\/\/samsa.ai\/fr\/wp-json\/wp\/v2\/users\/1"}],"replies":[{"embeddable":true,"href":"https:\/\/samsa.ai\/fr\/wp-json\/wp\/v2\/comments?post=6890"}],"version-history":[{"count":19,"href":"https:\/\/samsa.ai\/fr\/wp-json\/wp\/v2\/pages\/6890\/revisions"}],"predecessor-version":[{"id":9696,"href":"https:\/\/samsa.ai\/fr\/wp-json\/wp\/v2\/pages\/6890\/revisions\/9696"}],"wp:attachment":[{"href":"https:\/\/samsa.ai\/fr\/wp-json\/wp\/v2\/media?parent=6890"}],"curies":[{"name":"wp","href":"https:\/\/api.w.org\/{rel}","templated":true}]}}