{"id":3490,"date":"2024-10-15T13:38:16","date_gmt":"2024-10-15T13:38:16","guid":{"rendered":"https:\/\/samsa.ai\/impronta\/"},"modified":"2024-12-17T16:53:21","modified_gmt":"2024-12-17T16:53:21","slug":"impronta","status":"publish","type":"page","link":"https:\/\/samsa.ai\/it\/impronta\/","title":{"rendered":"Impronta"},"content":{"rendered":"\t\t<div data-elementor-type=\"wp-page\" data-elementor-id=\"3490\" class=\"elementor elementor-3490 elementor-645\" data-elementor-settings=\"{&quot;element_pack_global_tooltip_width&quot;:{&quot;unit&quot;:&quot;px&quot;,&quot;size&quot;:&quot;&quot;,&quot;sizes&quot;:[]},&quot;element_pack_global_tooltip_width_tablet&quot;:{&quot;unit&quot;:&quot;px&quot;,&quot;size&quot;:&quot;&quot;,&quot;sizes&quot;:[]},&quot;element_pack_global_tooltip_width_mobile&quot;:{&quot;unit&quot;:&quot;px&quot;,&quot;size&quot;:&quot;&quot;,&quot;sizes&quot;:[]},&quot;element_pack_global_tooltip_padding&quot;:{&quot;unit&quot;:&quot;px&quot;,&quot;top&quot;:&quot;&quot;,&quot;right&quot;:&quot;&quot;,&quot;bottom&quot;:&quot;&quot;,&quot;left&quot;:&quot;&quot;,&quot;isLinked&quot;:true},&quot;element_pack_global_tooltip_padding_tablet&quot;:{&quot;unit&quot;:&quot;px&quot;,&quot;top&quot;:&quot;&quot;,&quot;right&quot;:&quot;&quot;,&quot;bottom&quot;:&quot;&quot;,&quot;left&quot;:&quot;&quot;,&quot;isLinked&quot;:true},&quot;element_pack_global_tooltip_padding_mobile&quot;:{&quot;unit&quot;:&quot;px&quot;,&quot;top&quot;:&quot;&quot;,&quot;right&quot;:&quot;&quot;,&quot;bottom&quot;:&quot;&quot;,&quot;left&quot;:&quot;&quot;,&quot;isLinked&quot;:true},&quot;element_pack_global_tooltip_border_radius&quot;:{&quot;unit&quot;:&quot;px&quot;,&quot;top&quot;:&quot;&quot;,&quot;right&quot;:&quot;&quot;,&quot;bottom&quot;:&quot;&quot;,&quot;left&quot;:&quot;&quot;,&quot;isLinked&quot;:true},&quot;element_pack_global_tooltip_border_radius_tablet&quot;:{&quot;unit&quot;:&quot;px&quot;,&quot;top&quot;:&quot;&quot;,&quot;right&quot;:&quot;&quot;,&quot;bottom&quot;:&quot;&quot;,&quot;left&quot;:&quot;&quot;,&quot;isLinked&quot;:true},&quot;element_pack_global_tooltip_border_radius_mobile&quot;:{&quot;unit&quot;:&quot;px&quot;,&quot;top&quot;:&quot;&quot;,&quot;right&quot;:&quot;&quot;,&quot;bottom&quot;:&quot;&quot;,&quot;left&quot;:&quot;&quot;,&quot;isLinked&quot;:true}}\">\n\t\t\t\t\t\t<div class=\"elementor-section elementor-top-section elementor-element elementor-element-e35798c elementor-section-boxed elementor-section-height-default elementor-section-height-default\" data-id=\"e35798c\" data-element_type=\"section\" data-settings=\"{&quot;background_background&quot;:&quot;classic&quot;}\">\n\t\t\t\t\t\t<div class=\"elementor-container elementor-column-gap-default\">\n\t\t\t\t\t<div class=\"elementor-column elementor-col-50 elementor-top-column elementor-element elementor-element-fcfb7fb\" data-id=\"fcfb7fb\" data-element_type=\"column\">\n\t\t\t<div class=\"elementor-widget-wrap elementor-element-populated\">\n\t\t\t\t\t\t<div class=\"elementor-element elementor-element-261fac0 ui-e-a-animate elementor-widget elementor-widget-highlighted-text\" data-id=\"261fac0\" data-element_type=\"widget\" data-widget_type=\"highlighted-text.default\">\n\t\t\t\t<div class=\"elementor-widget-container\">\n\t\t\t\t\t        <h1 class=\"ui-e--highlighted-text\">\n            <span class=\"ui-e-headline-text elementor-repeater-item-f8eda84\">Impronta<\/span>        <\/h1>\n    \t\t\t\t<\/div>\n\t\t\t\t<\/div>\n\t\t\t\t\t<\/div>\n\t\t<\/div>\n\t\t\t\t<div class=\"elementor-column elementor-col-50 elementor-top-column elementor-element elementor-element-2d1f03e\" data-id=\"2d1f03e\" data-element_type=\"column\" data-settings=\"{&quot;background_background&quot;:&quot;classic&quot;}\">\n\t\t\t<div class=\"elementor-widget-wrap elementor-element-populated\">\n\t\t\t\t\t\t<div class=\"elementor-element elementor-element-abf205a elementor-widget__width-initial elementor-widget-tablet__width-initial elementor-widget-mobile__width-inherit elementor-widget elementor-widget-text-editor\" data-id=\"abf205a\" data-element_type=\"widget\" data-widget_type=\"text-editor.default\">\n\t\t\t\t<div class=\"elementor-widget-container\">\n\t\t\t\t\t\t\t\t\t<div class=\"elementor-element elementor-element-3ec180a elementor-widget elementor-widget-text-editor\" data-id=\"3ec180a\" data-element_type=\"widget\" data-widget_type=\"text-editor.default\"><div class=\"elementor-widget-container\"><p><strong>Indirizzo di contatto:<br \/><\/strong>Videodesign.ch GmbH<br \/>Pilatusstrasse 18<br \/>6003 Luzern<br \/>Svizzera<\/p><p>Telefono:\u00a0<a href=\"tel:+41445558690\">+41 (0)44 555 86 90<\/a><br \/>E-Mail:\u00a0<a href=\"mailto:hi@samsa.ai\">hi@samsa.ai<\/a><br \/>Web:\u00a0<a href=\"https:\/\/samsa.ai\/it\/\">www.samsa.ai<\/a><\/p><\/div><\/div><div class=\"elementor-element elementor-element-40ada60 elementor-widget elementor-widget-text-editor\" data-id=\"40ada60\" data-element_type=\"widget\" data-widget_type=\"text-editor.default\"><div class=\"elementor-widget-container\"><p><strong>Rappresentanti autorizzati:<\/strong><br \/>Niklas Jung \u2014 CEO<\/p><\/div><\/div><div class=\"elementor-element elementor-element-182c95b elementor-widget elementor-widget-text-editor\" data-id=\"182c95b\" data-element_type=\"widget\" data-widget_type=\"text-editor.default\"><div class=\"elementor-widget-container\"><p><strong>Numero di registro commerciale:<\/strong><br \/>CH-100.4.795.132-5<\/p><p><strong>Partita IVA svizzera:<\/strong><br \/>CHE-289.241.167 MWST<\/p><\/div><\/div><div class=\"elementor-element elementor-element-f83e5fe vd-legal-doc-content elementor-widget elementor-widget-text-editor\" data-id=\"f83e5fe\" data-element_type=\"widget\" data-widget_type=\"text-editor.default\"><div class=\"elementor-widget-container\"><p><b>Esclusione di responsabilit\u00e0<\/b><br \/>Videodesign.ch GmbH, in qualit\u00e0 di autore di questo sito web, non si assume alcuna responsabilit\u00e0 per la correttezza, l&#8217;accuratezza, la tempestivit\u00e0, l&#8217;affidabilit\u00e0 e la completezza delle informazioni. Le richieste di responsabilit\u00e0 relative a danni causati dall&#8217;uso delle informazioni fornite, comprese quelle incomplete o errate, saranno pertanto respinte. Tutte le offerte non sono vincolanti. L&#8217;autore si riserva espressamente il diritto di modificare, integrare o cancellare parti delle pagine o l&#8217;intera offerta senza preavviso o di interrompere temporaneamente o definitivamente la pubblicazione.<\/p><p><b>Responsabilit\u00e0 per i link<\/b><br \/>I riferimenti e i link a siti web di terzi sono considerati al di fuori della nostra area di responsabilit\u00e0. \u00c8 esclusa qualsiasi forma di responsabilit\u00e0 per tali siti web. L&#8217;accesso e l&#8217;utilizzo di tali siti web avviene a rischio e pericolo dell&#8217;utente.<\/p><p><b>Copyright<\/b><br \/>Il copyright e tutti gli altri diritti relativi a contenuti, immagini, foto o altri elementi presenti sul sito web sono di propriet\u00e0 esclusiva di Videodesign.ch GmbH o dei proprietari legali appositamente designati. La riproduzione di qualsiasi elemento richiede la preventiva approvazione scritta dei titolari del copyright.<\/p><p><b>Informativa sulla privacy<\/b><br \/>La protezione dei dati \u00e8 molto importante per noi. I tuoi dati saranno trattati secondo la nostra politica sulla privacy: <a href=\"https:\/\/samsa.ai\/it\/informativa-sulla-privacy\/\">https:\/\/samsa.ai\/it\/informativa-sulla-privacy\/<\/a><\/p><\/div><\/div>\t\t\t\t\t\t\t\t<\/div>\n\t\t\t\t<\/div>\n\t\t\t\t\t<\/div>\n\t\t<\/div>\n\t\t\t\t\t<\/div>\n\t\t<\/div>\n\t\t\t\t<\/div>\n\t\t","protected":false},"excerpt":{"rendered":"<p>Impronta Indirizzo di contatto:Videodesign.ch GmbHPilatusstrasse 186003 LuzernSvizzera Telefono:\u00a0+41 (0)44 555 86 90E-Mail:\u00a0hi@samsa.aiWeb:\u00a0www.samsa.ai Rappresentanti autorizzati:Niklas Jung \u2014 CEO Numero di registro commerciale:CH-100.4.795.132-5 Partita [&hellip;]<\/p>\n","protected":false},"author":1,"featured_media":0,"parent":0,"menu_order":0,"comment_status":"closed","ping_status":"closed","template":"","meta":{"footnotes":""},"class_list":["post-3490","page","type-page","status-publish","hentry"],"yoast_head":"<!-- This site is optimized with the Yoast SEO plugin v26.6 - https:\/\/yoast.com\/wordpress\/plugins\/seo\/ -->\n<title>Impronta &#8211; Samsa<\/title>\n<meta name=\"robots\" content=\"noindex, follow\" \/>\n<meta property=\"og:locale\" content=\"it_IT\" \/>\n<meta property=\"og:type\" content=\"article\" \/>\n<meta property=\"og:title\" content=\"Impronta &#8211; Samsa\" \/>\n<meta property=\"og:description\" content=\"Impronta Indirizzo di contatto:Videodesign.ch GmbHPilatusstrasse 186003 LuzernSvizzera Telefono:\u00a0+41 (0)44 555 86 90E-Mail:\u00a0hi@samsa.aiWeb:\u00a0www.samsa.ai Rappresentanti autorizzati:Niklas Jung \u2014 CEO Numero di registro commerciale:CH-100.4.795.132-5 Partita [&hellip;]\" \/>\n<meta property=\"og:url\" content=\"https:\/\/samsa.ai\/it\/impronta\/\" \/>\n<meta property=\"og:site_name\" content=\"Samsa\" \/>\n<meta property=\"article:modified_time\" content=\"2024-12-17T16:53:21+00:00\" \/>\n<meta name=\"twitter:card\" content=\"summary_large_image\" \/>\n<meta name=\"twitter:site\" content=\"@SamsaAI\" \/>\n<meta name=\"twitter:label1\" content=\"Tempo di lettura stimato\" \/>\n\t<meta name=\"twitter:data1\" content=\"3 minuti\" \/>\n<script type=\"application\/ld+json\" class=\"yoast-schema-graph\">{\"@context\":\"https:\/\/schema.org\",\"@graph\":[{\"@type\":\"WebPage\",\"@id\":\"https:\/\/samsa.ai\/it\/impronta\/\",\"url\":\"https:\/\/samsa.ai\/it\/impronta\/\",\"name\":\"Impronta &#8211; Samsa\",\"isPartOf\":{\"@id\":\"https:\/\/samsa.ai\/it\/#website\"},\"datePublished\":\"2024-10-15T13:38:16+00:00\",\"dateModified\":\"2024-12-17T16:53:21+00:00\",\"breadcrumb\":{\"@id\":\"https:\/\/samsa.ai\/it\/impronta\/#breadcrumb\"},\"inLanguage\":\"it-IT\",\"potentialAction\":[{\"@type\":\"ReadAction\",\"target\":[\"https:\/\/samsa.ai\/it\/impronta\/\"]}]},{\"@type\":\"BreadcrumbList\",\"@id\":\"https:\/\/samsa.ai\/it\/impronta\/#breadcrumb\",\"itemListElement\":[{\"@type\":\"ListItem\",\"position\":1,\"name\":\"Home\",\"item\":\"https:\/\/samsa.ai\/it\/\"},{\"@type\":\"ListItem\",\"position\":2,\"name\":\"Impronta\"}]},{\"@type\":\"WebSite\",\"@id\":\"https:\/\/samsa.ai\/it\/#website\",\"url\":\"https:\/\/samsa.ai\/it\/\",\"name\":\"Samsa\",\"description\":\"Your Brand. Your AI.\",\"publisher\":{\"@id\":\"https:\/\/samsa.ai\/it\/#organization\"},\"potentialAction\":[{\"@type\":\"SearchAction\",\"target\":{\"@type\":\"EntryPoint\",\"urlTemplate\":\"https:\/\/samsa.ai\/it\/?s={search_term_string}\"},\"query-input\":{\"@type\":\"PropertyValueSpecification\",\"valueRequired\":true,\"valueName\":\"search_term_string\"}}],\"inLanguage\":\"it-IT\"},{\"@type\":\"Organization\",\"@id\":\"https:\/\/samsa.ai\/it\/#organization\",\"name\":\"Samsa.AI\",\"url\":\"https:\/\/samsa.ai\/it\/\",\"logo\":{\"@type\":\"ImageObject\",\"inLanguage\":\"it-IT\",\"@id\":\"https:\/\/samsa.ai\/it\/#\/schema\/logo\/image\/\",\"url\":\"https:\/\/samsa.ai\/wp-content\/uploads\/2024\/08\/favicon.png\",\"contentUrl\":\"https:\/\/samsa.ai\/wp-content\/uploads\/2024\/08\/favicon.png\",\"width\":192,\"height\":192,\"caption\":\"Samsa.AI\"},\"image\":{\"@id\":\"https:\/\/samsa.ai\/it\/#\/schema\/logo\/image\/\"},\"sameAs\":[\"https:\/\/x.com\/SamsaAI\",\"https:\/\/www.linkedin.com\/company\/samsa-ai\/\"]}]}<\/script>\n<!-- \/ Yoast SEO plugin. -->","yoast_head_json":{"title":"Impronta &#8211; Samsa","robots":{"index":"noindex","follow":"follow"},"og_locale":"it_IT","og_type":"article","og_title":"Impronta &#8211; Samsa","og_description":"Impronta Indirizzo di contatto:Videodesign.ch GmbHPilatusstrasse 186003 LuzernSvizzera Telefono:\u00a0+41 (0)44 555 86 90E-Mail:\u00a0hi@samsa.aiWeb:\u00a0www.samsa.ai Rappresentanti autorizzati:Niklas Jung \u2014 CEO Numero di registro commerciale:CH-100.4.795.132-5 Partita [&hellip;]","og_url":"https:\/\/samsa.ai\/it\/impronta\/","og_site_name":"Samsa","article_modified_time":"2024-12-17T16:53:21+00:00","twitter_card":"summary_large_image","twitter_site":"@SamsaAI","twitter_misc":{"Tempo di lettura stimato":"3 minuti"},"schema":{"@context":"https:\/\/schema.org","@graph":[{"@type":"WebPage","@id":"https:\/\/samsa.ai\/it\/impronta\/","url":"https:\/\/samsa.ai\/it\/impronta\/","name":"Impronta &#8211; Samsa","isPartOf":{"@id":"https:\/\/samsa.ai\/it\/#website"},"datePublished":"2024-10-15T13:38:16+00:00","dateModified":"2024-12-17T16:53:21+00:00","breadcrumb":{"@id":"https:\/\/samsa.ai\/it\/impronta\/#breadcrumb"},"inLanguage":"it-IT","potentialAction":[{"@type":"ReadAction","target":["https:\/\/samsa.ai\/it\/impronta\/"]}]},{"@type":"BreadcrumbList","@id":"https:\/\/samsa.ai\/it\/impronta\/#breadcrumb","itemListElement":[{"@type":"ListItem","position":1,"name":"Home","item":"https:\/\/samsa.ai\/it\/"},{"@type":"ListItem","position":2,"name":"Impronta"}]},{"@type":"WebSite","@id":"https:\/\/samsa.ai\/it\/#website","url":"https:\/\/samsa.ai\/it\/","name":"Samsa","description":"Your Brand. Your AI.","publisher":{"@id":"https:\/\/samsa.ai\/it\/#organization"},"potentialAction":[{"@type":"SearchAction","target":{"@type":"EntryPoint","urlTemplate":"https:\/\/samsa.ai\/it\/?s={search_term_string}"},"query-input":{"@type":"PropertyValueSpecification","valueRequired":true,"valueName":"search_term_string"}}],"inLanguage":"it-IT"},{"@type":"Organization","@id":"https:\/\/samsa.ai\/it\/#organization","name":"Samsa.AI","url":"https:\/\/samsa.ai\/it\/","logo":{"@type":"ImageObject","inLanguage":"it-IT","@id":"https:\/\/samsa.ai\/it\/#\/schema\/logo\/image\/","url":"https:\/\/samsa.ai\/wp-content\/uploads\/2024\/08\/favicon.png","contentUrl":"https:\/\/samsa.ai\/wp-content\/uploads\/2024\/08\/favicon.png","width":192,"height":192,"caption":"Samsa.AI"},"image":{"@id":"https:\/\/samsa.ai\/it\/#\/schema\/logo\/image\/"},"sameAs":["https:\/\/x.com\/SamsaAI","https:\/\/www.linkedin.com\/company\/samsa-ai\/"]}]}},"_links":{"self":[{"href":"https:\/\/samsa.ai\/it\/wp-json\/wp\/v2\/pages\/3490","targetHints":{"allow":["GET"]}}],"collection":[{"href":"https:\/\/samsa.ai\/it\/wp-json\/wp\/v2\/pages"}],"about":[{"href":"https:\/\/samsa.ai\/it\/wp-json\/wp\/v2\/types\/page"}],"author":[{"embeddable":true,"href":"https:\/\/samsa.ai\/it\/wp-json\/wp\/v2\/users\/1"}],"replies":[{"embeddable":true,"href":"https:\/\/samsa.ai\/it\/wp-json\/wp\/v2\/comments?post=3490"}],"version-history":[{"count":10,"href":"https:\/\/samsa.ai\/it\/wp-json\/wp\/v2\/pages\/3490\/revisions"}],"predecessor-version":[{"id":4587,"href":"https:\/\/samsa.ai\/it\/wp-json\/wp\/v2\/pages\/3490\/revisions\/4587"}],"wp:attachment":[{"href":"https:\/\/samsa.ai\/it\/wp-json\/wp\/v2\/media?parent=3490"}],"curies":[{"name":"wp","href":"https:\/\/api.w.org\/{rel}","templated":true}]}}